{"id":87490,"date":"2017-05-17T16:44:55","date_gmt":"2017-05-17T14:44:55","guid":{"rendered":"https:\/\/contarini.net\/de\/produkt\/0008-de\/"},"modified":"2017-05-17T16:44:55","modified_gmt":"2017-05-17T14:44:55","slug":"0008-de","status":"publish","type":"product","link":"https:\/\/contarini.net\/de\/produkt\/0008-de\/","title":{"rendered":"PRESSFASSUNGEN TYP 0008"},"content":{"rendered":"<p>Die Pressfassung der Serie 0008 ist f\u00fcr Hydraulikschl\u00e4uche geeignet, welche die Norm SAE 100 R8 (Nichtsch\u00e4lausf\u00fchrung) erf\u00fcllen.  Sie ist aus verzinktem Stahl gefertigt und dient dem Anziehen von Pressverbindungen an Schl\u00e4uchen.<\/p>\n","protected":false},"excerpt":{"rendered":"<p>Die Pressfassung der Serie 0008 ist f\u00fcr Hydraulikschl\u00e4uche geeignet, welche die Norm SAE 100 R8 (Nichtsch\u00e4lausf\u00fchrung) erf\u00fcllen. Sie ist aus verzinktem Stahl gefertigt und dient dem Anziehen von Pressverbindungen an Schl\u00e4uchen.<\/p>\n","protected":false},"featured_media":0,"template":"","product_brand":[],"product_cat":[606],"product_tag":[],"class_list":{"0":"post-87490","1":"product","2":"type-product","3":"status-publish","5":"product_cat-pressfassungen","6":"odd","8":"first","9":"instock","10":"shipping-taxable","11":"product-type-simple"},"_links":{"self":[{"href":"https:\/\/contarini.net\/de\/wp-json\/wp\/v2\/product\/87490","targetHints":{"allow":["GET"]}}],"collection":[{"href":"https:\/\/contarini.net\/de\/wp-json\/wp\/v2\/product"}],"about":[{"href":"https:\/\/contarini.net\/de\/wp-json\/wp\/v2\/types\/product"}],"wp:attachment":[{"href":"https:\/\/contarini.net\/de\/wp-json\/wp\/v2\/media?parent=87490"}],"wp:term":[{"taxonomy":"product_brand","embeddable":true,"href":"https:\/\/contarini.net\/de\/wp-json\/wp\/v2\/product_brand?post=87490"},{"taxonomy":"product_cat","embeddable":true,"href":"https:\/\/contarini.net\/de\/wp-json\/wp\/v2\/product_cat?post=87490"},{"taxonomy":"product_tag","embeddable":true,"href":"https:\/\/contarini.net\/de\/wp-json\/wp\/v2\/product_tag?post=87490"}],"curies":[{"name":"wp","href":"https:\/\/api.w.org\/{rel}","templated":true}]}}