{"id":87472,"date":"2017-05-17T13:20:55","date_gmt":"2017-05-17T11:20:55","guid":{"rendered":"https:\/\/contarini.net\/de\/produkt\/vodln1116-de\/"},"modified":"2017-05-17T13:20:55","modified_gmt":"2017-05-17T11:20:55","slug":"vodln1116-de","status":"publish","type":"product","link":"https:\/\/contarini.net\/de\/produkt\/vodln1116-de\/","title":{"rendered":"SENKBREMSVENTIL (DOPPELWIRKEND) TYP VODL\/N1116"},"content":{"rendered":"<p>Das Senkbremsventil vom Typ VODL\/N1116 wird zur Kontrolle der Bewegung und der Blockierung eines doppeltwirkenden Stellglieds in beiden Richtungen eingesetzt. Anflanschbare Ausf\u00fchrung. Es gew\u00e4hrleistet die Unterbrechung des Durchflusses, das kontrollierte Absenken der Last, wodurch Kavitation vermieden wird, und sch\u00fctzt den Kreislauf vor Druckerh\u00f6hungen. Es k\u00f6nnen f\u00fcr Verteiler mit offener Mitte verwendet werden.<\/p>\n","protected":false},"excerpt":{"rendered":"<p>Das Senkbremsventil vom Typ VODL\/N1116 wird zur Kontrolle der Bewegung und der Blockierung eines doppeltwirkenden Stellglieds in beiden Richtungen eingesetzt. Anflanschbare Ausf\u00fchrung. Es gew\u00e4hrleistet die Unterbrechung des Durchflusses, das kontrollierte Absenken der Last, wodurch Kavitation vermieden wird, und sch\u00fctzt den Kreislauf vor Druckerh\u00f6hungen. Es k\u00f6nnen f\u00fcr Verteiler mit offener Mitte verwendet werden.<\/p>\n","protected":false},"featured_media":0,"template":"","product_brand":[],"product_cat":[555],"product_tag":[],"class_list":{"0":"post-87472","1":"product","2":"type-product","3":"status-publish","5":"product_cat-senkbrembsventile","6":"odd","8":"first","9":"instock","10":"shipping-taxable","11":"product-type-simple"},"_links":{"self":[{"href":"https:\/\/contarini.net\/de\/wp-json\/wp\/v2\/product\/87472","targetHints":{"allow":["GET"]}}],"collection":[{"href":"https:\/\/contarini.net\/de\/wp-json\/wp\/v2\/product"}],"about":[{"href":"https:\/\/contarini.net\/de\/wp-json\/wp\/v2\/types\/product"}],"wp:attachment":[{"href":"https:\/\/contarini.net\/de\/wp-json\/wp\/v2\/media?parent=87472"}],"wp:term":[{"taxonomy":"product_brand","embeddable":true,"href":"https:\/\/contarini.net\/de\/wp-json\/wp\/v2\/product_brand?post=87472"},{"taxonomy":"product_cat","embeddable":true,"href":"https:\/\/contarini.net\/de\/wp-json\/wp\/v2\/product_cat?post=87472"},{"taxonomy":"product_tag","embeddable":true,"href":"https:\/\/contarini.net\/de\/wp-json\/wp\/v2\/product_tag?post=87472"}],"curies":[{"name":"wp","href":"https:\/\/api.w.org\/{rel}","templated":true}]}}