{"id":87445,"date":"2017-05-17T13:20:49","date_gmt":"2017-05-17T11:20:49","guid":{"rendered":"https:\/\/contarini.net\/de\/produkt\/vrde-cil-de\/"},"modified":"2017-05-17T13:20:49","modified_gmt":"2017-05-17T11:20:49","slug":"vrde-cil-de","status":"publish","type":"product","link":"https:\/\/contarini.net\/de\/produkt\/vrde-cil-de\/","title":{"rendered":"VERGESTEUERTES SPERRVENTIL (DOPPELWIRKEND) TYP VRDE..CIL"},"content":{"rendered":"<p>Der Stromregler (Kegelsperrung) der Serie VRDE..CIL werden verwendet, um einen Stellantrieb in beiden Richtungen in Position zu sperren und um ihn best\u00e4ndig gegen externe Kr\u00e4fte zu machen. Sie werden empfohlen, wenn der Platz zwischen den Zylinder-Ablass\u00f6ffnungen knapp ist.<\/p>\n","protected":false},"excerpt":{"rendered":"<p>Der Stromregler (Kegelsperrung) der Serie VRDE..CIL werden verwendet, um einen Stellantrieb in beiden Richtungen in Position zu sperren und um ihn best\u00e4ndig gegen externe Kr\u00e4fte zu machen. Sie werden empfohlen, wenn der Platz zwischen den Zylinder-Ablass\u00f6ffnungen knapp ist.<\/p>\n","protected":false},"featured_media":0,"template":"","product_brand":[],"product_cat":[552],"product_tag":[],"class_list":{"0":"post-87445","1":"product","2":"type-product","3":"status-publish","5":"product_cat-vorgesteuerte-sperrventile","6":"odd","8":"first","9":"instock","10":"shipping-taxable","11":"product-type-simple"},"_links":{"self":[{"href":"https:\/\/contarini.net\/de\/wp-json\/wp\/v2\/product\/87445","targetHints":{"allow":["GET"]}}],"collection":[{"href":"https:\/\/contarini.net\/de\/wp-json\/wp\/v2\/product"}],"about":[{"href":"https:\/\/contarini.net\/de\/wp-json\/wp\/v2\/types\/product"}],"wp:attachment":[{"href":"https:\/\/contarini.net\/de\/wp-json\/wp\/v2\/media?parent=87445"}],"wp:term":[{"taxonomy":"product_brand","embeddable":true,"href":"https:\/\/contarini.net\/de\/wp-json\/wp\/v2\/product_brand?post=87445"},{"taxonomy":"product_cat","embeddable":true,"href":"https:\/\/contarini.net\/de\/wp-json\/wp\/v2\/product_cat?post=87445"},{"taxonomy":"product_tag","embeddable":true,"href":"https:\/\/contarini.net\/de\/wp-json\/wp\/v2\/product_tag?post=87445"}],"curies":[{"name":"wp","href":"https:\/\/api.w.org\/{rel}","templated":true}]}}