{"id":87442,"date":"2017-05-17T13:20:48","date_gmt":"2017-05-17T11:20:49","guid":{"rendered":"https:\/\/contarini.net\/de\/produkt\/vrse-cil-de\/"},"modified":"2017-05-17T13:20:49","modified_gmt":"2017-05-17T11:20:49","slug":"vrse-cil-de","status":"publish","type":"product","link":"https:\/\/contarini.net\/de\/produkt\/vrse-cil-de\/","title":{"rendered":"VERGESTEUERTES SPERRVENTIL (EINFACHWIRKEND) TYP VRSE..CIL"},"content":{"rendered":"<p>Die vorgesteuerten Sperrventile (Kegelsperrung) der Serie VRSE..CIL (einfachwirkend) werden zum Blockieren von Stellgliedern in einer bestimmten Position in beiden Richtungen eingesetzt. Gleichzeitig machen sie das Stellglied gegen\u00fcber Krafteinwirkung von au\u00dfen unempfindlich. Sie werden empfohlen, wenn der Platz zwischen den \u00d6ffnungen des Zylinders begrenzt ist.<\/p>\n","protected":false},"excerpt":{"rendered":"<p>Die vorgesteuerten Sperrventile (Kegelsperrung) der Serie VRSE..CIL (einfachwirkend) werden zum Blockieren von Stellgliedern in einer bestimmten Position in beiden Richtungen eingesetzt. Gleichzeitig machen sie das Stellglied gegen\u00fcber Krafteinwirkung von au\u00dfen unempfindlich. Sie werden empfohlen, wenn der Platz zwischen den \u00d6ffnungen des Zylinders begrenzt ist.<\/p>\n","protected":false},"featured_media":0,"template":"","product_brand":[],"product_cat":[552],"product_tag":[],"class_list":{"0":"post-87442","1":"product","2":"type-product","3":"status-publish","5":"product_cat-vorgesteuerte-sperrventile","6":"odd","8":"first","9":"instock","10":"shipping-taxable","11":"product-type-simple"},"_links":{"self":[{"href":"https:\/\/contarini.net\/de\/wp-json\/wp\/v2\/product\/87442","targetHints":{"allow":["GET"]}}],"collection":[{"href":"https:\/\/contarini.net\/de\/wp-json\/wp\/v2\/product"}],"about":[{"href":"https:\/\/contarini.net\/de\/wp-json\/wp\/v2\/types\/product"}],"wp:attachment":[{"href":"https:\/\/contarini.net\/de\/wp-json\/wp\/v2\/media?parent=87442"}],"wp:term":[{"taxonomy":"product_brand","embeddable":true,"href":"https:\/\/contarini.net\/de\/wp-json\/wp\/v2\/product_brand?post=87442"},{"taxonomy":"product_cat","embeddable":true,"href":"https:\/\/contarini.net\/de\/wp-json\/wp\/v2\/product_cat?post=87442"},{"taxonomy":"product_tag","embeddable":true,"href":"https:\/\/contarini.net\/de\/wp-json\/wp\/v2\/product_tag?post=87442"}],"curies":[{"name":"wp","href":"https:\/\/api.w.org\/{rel}","templated":true}]}}