{"id":87439,"date":"2017-05-17T13:20:48","date_gmt":"2017-05-17T11:20:48","guid":{"rendered":"https:\/\/contarini.net\/de\/produkt\/vaude-1-de\/"},"modified":"2017-05-17T13:20:48","modified_gmt":"2017-05-17T11:20:48","slug":"vaude-1-de","status":"publish","type":"product","link":"https:\/\/contarini.net\/de\/produkt\/vaude-1-de\/","title":{"rendered":"SCHOCKVENTIL DOPPELWIRKEND ( TYP DIFFERENTIAL ) TYP VAU\/DE 1&#8243;"},"content":{"rendered":"<p>Das doppelwirkende Schockventil der Serie VAU\/DE 1\u201c besteht aus zwei Kreuz-Druckbegrenzungsventilen und wird verwendet, um den Druck in beiden Zweigen eines Stellantriebs oder eines Hydraulikmotors auf einen bestimmten Eichwert zu begrenzen. Es findet sowohl als Schockventil Anwendung, als auch um die beiden \u00c4ste eines Hydraulikkreislaufs auf verschiedene Druckwerte einzustellen. Durch die getrennte \u00d6ffnung ist dieses Differenzialventil bei der \u00d6ffnung ein wenig langsamer, es bleibt aber bei der \u00c4nderung der Pumpleistung konstanter bei der Eichung.<\/p>\n","protected":false},"excerpt":{"rendered":"<p>Das doppelwirkende Schockventil der Serie VAU\/DE 1\u201c besteht aus zwei Kreuz-Druckbegrenzungsventilen und wird verwendet, um den Druck in beiden Zweigen eines Stellantriebs oder eines Hydraulikmotors auf einen bestimmten Eichwert zu begrenzen. Es findet sowohl als Schockventil Anwendung, als auch um die beiden \u00c4ste eines Hydraulikkreislaufs auf verschiedene Druckwerte einzustellen. Durch die getrennte \u00d6ffnung ist dieses Differenzialventil bei der \u00d6ffnung ein [&hellip;]<\/p>\n","protected":false},"featured_media":0,"template":"","product_brand":[],"product_cat":[546],"product_tag":[],"class_list":{"0":"post-87439","1":"product","2":"type-product","3":"status-publish","5":"product_cat-druckkontrolle-hydraulikventile","6":"odd","8":"first","9":"instock","10":"shipping-taxable","11":"product-type-simple"},"_links":{"self":[{"href":"https:\/\/contarini.net\/de\/wp-json\/wp\/v2\/product\/87439","targetHints":{"allow":["GET"]}}],"collection":[{"href":"https:\/\/contarini.net\/de\/wp-json\/wp\/v2\/product"}],"about":[{"href":"https:\/\/contarini.net\/de\/wp-json\/wp\/v2\/types\/product"}],"wp:attachment":[{"href":"https:\/\/contarini.net\/de\/wp-json\/wp\/v2\/media?parent=87439"}],"wp:term":[{"taxonomy":"product_brand","embeddable":true,"href":"https:\/\/contarini.net\/de\/wp-json\/wp\/v2\/product_brand?post=87439"},{"taxonomy":"product_cat","embeddable":true,"href":"https:\/\/contarini.net\/de\/wp-json\/wp\/v2\/product_cat?post=87439"},{"taxonomy":"product_tag","embeddable":true,"href":"https:\/\/contarini.net\/de\/wp-json\/wp\/v2\/product_tag?post=87439"}],"curies":[{"name":"wp","href":"https:\/\/api.w.org\/{rel}","templated":true}]}}