{"id":87433,"date":"2017-05-17T13:20:47","date_gmt":"2017-05-17T11:20:47","guid":{"rendered":"https:\/\/contarini.net\/de\/produkt\/ps-ts-de\/"},"modified":"2017-05-17T13:20:47","modified_gmt":"2017-05-17T11:20:47","slug":"ps-ts-de","status":"publish","type":"product","link":"https:\/\/contarini.net\/de\/produkt\/ps-ts-de\/","title":{"rendered":"MEHRFACH-ZAHNRADPUMPE UND KIT KUPPLUNG TYP PS..TS"},"content":{"rendered":"<p>Die Tandempumpen (Mehrfach-Zahnradpumpen) mit zwei oder mehr Stufen sind in zwei Ausf\u00fchrungen lieferbar:<br \/>\nTandem Standard<br \/>\nDer Sauganschluss der einzelnen Pumpe einer Tandemeinheit ist von den anderen getrennt.<br \/>\nTandem kurze Ausf\u00fchrung (T.C.) K\u00fcrzere Abmessungen als die Standardausf\u00fchrung.<br \/>\nDie Sauganschl\u00fcsse der einzelnen Pumpen sind miteinander verbunden.<br \/>\nDie T.C. erfordert einen einzigen Tank.<br \/>\nSTANDARD und T.C. (kurze Ausf\u00fchrung).<br \/>\nAlle Pumpen der Serie \u201cPS\u201d sind f\u00fcr die Mitnahme einer nachfolgende Pumpe geeignet.<br \/>\nDurch einfache Demontage und Zusammenbau kann man aus den einzelnen Pumpen eine Tandemeinheit bauen.<br \/>\nDie beschr\u00e4nkte Anzahl von Verbindungskit und Zubeh\u00f6re erm\u00f6glicht, den Lagerwert zu reduzieren und f\u00f6rdert einen schnellen Dienst.<\/p>\n","protected":false},"excerpt":{"rendered":"<p>Die Tandempumpen (Mehrfach-Zahnradpumpen) mit zwei oder mehr Stufen sind in zwei Ausf\u00fchrungen lieferbar: Tandem Standard Der Sauganschluss der einzelnen Pumpe einer Tandemeinheit ist von den anderen getrennt. Tandem kurze Ausf\u00fchrung (T.C.) K\u00fcrzere Abmessungen als die Standardausf\u00fchrung. Die Sauganschl\u00fcsse der einzelnen Pumpen sind miteinander verbunden. Die T.C. erfordert einen einzigen Tank. STANDARD und T.C. (kurze Ausf\u00fchrung). Alle Pumpen der Serie \u201cPS\u201d [&hellip;]<\/p>\n","protected":false},"featured_media":0,"template":"","product_brand":[],"product_cat":[540],"product_tag":[],"class_list":{"0":"post-87433","1":"product","2":"type-product","3":"status-publish","5":"product_cat-zahnradpumpe","6":"odd","8":"first","9":"instock","10":"shipping-taxable","11":"product-type-simple"},"_links":{"self":[{"href":"https:\/\/contarini.net\/de\/wp-json\/wp\/v2\/product\/87433","targetHints":{"allow":["GET"]}}],"collection":[{"href":"https:\/\/contarini.net\/de\/wp-json\/wp\/v2\/product"}],"about":[{"href":"https:\/\/contarini.net\/de\/wp-json\/wp\/v2\/types\/product"}],"wp:attachment":[{"href":"https:\/\/contarini.net\/de\/wp-json\/wp\/v2\/media?parent=87433"}],"wp:term":[{"taxonomy":"product_brand","embeddable":true,"href":"https:\/\/contarini.net\/de\/wp-json\/wp\/v2\/product_brand?post=87433"},{"taxonomy":"product_cat","embeddable":true,"href":"https:\/\/contarini.net\/de\/wp-json\/wp\/v2\/product_cat?post=87433"},{"taxonomy":"product_tag","embeddable":true,"href":"https:\/\/contarini.net\/de\/wp-json\/wp\/v2\/product_tag?post=87433"}],"curies":[{"name":"wp","href":"https:\/\/api.w.org\/{rel}","templated":true}]}}