{"id":87430,"date":"2017-05-17T13:20:46","date_gmt":"2017-05-17T11:20:46","guid":{"rendered":"https:\/\/contarini.net\/de\/produkt\/pamsal-de\/"},"modified":"2017-05-17T13:20:46","modified_gmt":"2017-05-17T11:20:46","slug":"pamsal-de","status":"publish","type":"product","link":"https:\/\/contarini.net\/de\/produkt\/pamsal-de\/","title":{"rendered":"TANKF\u00dcR HANDPUMPE ( TYP PAM-T und PAM-TD ) TYP PAMSAL"},"content":{"rendered":"<p>Der Tank f\u00fcr die Handpumpe der Serie PAMSAL ist f\u00fcr die Unterbringung einer Handpumpe der Serie PAM-TS oder PAM-TDS vorbereitet. Aus Aluminium  ausgef\u00fchrt, ist eine geeignete L\u00f6sung, um das Gewicht der Einheit Pumpe\/Tank im Vergleich zum Modell PM zu reduzieren.<\/p>\n","protected":false},"excerpt":{"rendered":"<p>Der Tank f\u00fcr die Handpumpe der Serie PAMSAL ist f\u00fcr die Unterbringung einer Handpumpe der Serie PAM-TS oder PAM-TDS vorbereitet. Aus Aluminium ausgef\u00fchrt, ist eine geeignete L\u00f6sung, um das Gewicht der Einheit Pumpe\/Tank im Vergleich zum Modell PM zu reduzieren.<\/p>\n","protected":false},"featured_media":0,"template":"","product_brand":[],"product_cat":[534],"product_tag":[],"class_list":{"0":"post-87430","1":"product","2":"type-product","3":"status-publish","5":"product_cat-handpumpe","6":"odd","8":"first","9":"instock","10":"shipping-taxable","11":"product-type-simple"},"_links":{"self":[{"href":"https:\/\/contarini.net\/de\/wp-json\/wp\/v2\/product\/87430","targetHints":{"allow":["GET"]}}],"collection":[{"href":"https:\/\/contarini.net\/de\/wp-json\/wp\/v2\/product"}],"about":[{"href":"https:\/\/contarini.net\/de\/wp-json\/wp\/v2\/types\/product"}],"wp:attachment":[{"href":"https:\/\/contarini.net\/de\/wp-json\/wp\/v2\/media?parent=87430"}],"wp:term":[{"taxonomy":"product_brand","embeddable":true,"href":"https:\/\/contarini.net\/de\/wp-json\/wp\/v2\/product_brand?post=87430"},{"taxonomy":"product_cat","embeddable":true,"href":"https:\/\/contarini.net\/de\/wp-json\/wp\/v2\/product_cat?post=87430"},{"taxonomy":"product_tag","embeddable":true,"href":"https:\/\/contarini.net\/de\/wp-json\/wp\/v2\/product_tag?post=87430"}],"curies":[{"name":"wp","href":"https:\/\/api.w.org\/{rel}","templated":true}]}}