{"id":87424,"date":"2017-05-17T13:20:45","date_gmt":"2017-05-17T11:20:45","guid":{"rendered":"https:\/\/contarini.net\/de\/produkt\/ge-uk2rs-de\/"},"modified":"2017-05-17T13:20:45","modified_gmt":"2017-05-17T11:20:45","slug":"ge-uk2rs-de","status":"publish","type":"product","link":"https:\/\/contarini.net\/de\/produkt\/ge-uk2rs-de\/","title":{"rendered":"WARTUNGSFREIES RADIALGELENKLAGER TYP GE..UK2RS"},"content":{"rendered":"<p>Der Radialgelenklager Serie GE..UK2RS ist wartungsfrei. Der Au\u00dfenring dieses Gelenkkopfs besteht aus geh\u00e4rtetem Stahl, im Innenteil wird eine Gewebestreife von PTFE h\u00f6her Qualit\u00e4t geklebt, die hohe Belastungen garantiert. Geh\u00e4rteter Innenring mit Arbeitsfl\u00e4che aus Hartchrom und mit Doppel-Schleifdichtungen beidseitig. Besonders geeignet bei Eins\u00e4tzen mit einseitigen, konstanten Belastungen, ohne Schlagbelastungen (z.B.: Hebevorrichtungen, Gelenkkopf f\u00fcr Hydraulikzylinder). Die Gelenkk\u00f6pfe dieser Serie haben bessere Leistungen und sind f\u00fcr sehr hohe einseitige Belastungen geeignet (z.B.: bei Kr\u00e4nearmen)<\/p>\n","protected":false},"excerpt":{"rendered":"<p>Der Radialgelenklager Serie GE..UK2RS ist wartungsfrei. Der Au\u00dfenring dieses Gelenkkopfs besteht aus geh\u00e4rtetem Stahl, im Innenteil wird eine Gewebestreife von PTFE h\u00f6her Qualit\u00e4t geklebt, die hohe Belastungen garantiert. Geh\u00e4rteter Innenring mit Arbeitsfl\u00e4che aus Hartchrom und mit Doppel-Schleifdichtungen beidseitig. Besonders geeignet bei Eins\u00e4tzen mit einseitigen, konstanten Belastungen, ohne Schlagbelastungen (z.B.: Hebevorrichtungen, Gelenkkopf f\u00fcr Hydraulikzylinder). Die Gelenkk\u00f6pfe dieser Serie haben bessere Leistungen [&hellip;]<\/p>\n","protected":false},"featured_media":0,"template":"","product_brand":[],"product_cat":[504],"product_tag":[],"class_list":{"0":"post-87424","1":"product","2":"type-product","3":"status-publish","5":"product_cat-ge-gelenklager","6":"odd","8":"first","9":"instock","10":"shipping-taxable","11":"product-type-simple"},"_links":{"self":[{"href":"https:\/\/contarini.net\/de\/wp-json\/wp\/v2\/product\/87424","targetHints":{"allow":["GET"]}}],"collection":[{"href":"https:\/\/contarini.net\/de\/wp-json\/wp\/v2\/product"}],"about":[{"href":"https:\/\/contarini.net\/de\/wp-json\/wp\/v2\/types\/product"}],"wp:attachment":[{"href":"https:\/\/contarini.net\/de\/wp-json\/wp\/v2\/media?parent=87424"}],"wp:term":[{"taxonomy":"product_brand","embeddable":true,"href":"https:\/\/contarini.net\/de\/wp-json\/wp\/v2\/product_brand?post=87424"},{"taxonomy":"product_cat","embeddable":true,"href":"https:\/\/contarini.net\/de\/wp-json\/wp\/v2\/product_cat?post=87424"},{"taxonomy":"product_tag","embeddable":true,"href":"https:\/\/contarini.net\/de\/wp-json\/wp\/v2\/product_tag?post=87424"}],"curies":[{"name":"wp","href":"https:\/\/api.w.org\/{rel}","templated":true}]}}