{"id":41859,"date":"2016-09-06T17:27:28","date_gmt":"2016-09-06T15:27:28","guid":{"rendered":"https:\/\/contarini.net\/de\/produkt\/q-ring-de\/"},"modified":"2016-09-06T17:27:28","modified_gmt":"2016-09-06T15:27:28","slug":"q-ring-de","status":"publish","type":"product","link":"https:\/\/contarini.net\/de\/produkt\/q-ring-de\/","title":{"rendered":"STATISCHE ADBICHTUNGEN TYP Q-RING"},"content":{"rendered":"<p>O-RINGE sind Ringe aus NBR mit einem quadratischen Profil. Sie weisen eine gute Best\u00e4ndigkeit gegen aliphatische Kohlenwasserstoffe, Mineral\u00f6le, pflanzliche \u00d6le, tierische \u00d6le, Fett, Propan, Butan, Erd\u00f6l auf.<\/p>\n","protected":false},"excerpt":{"rendered":"<p>O-RINGE sind Ringe aus NBR mit einem quadratischen Profil. Sie weisen eine gute Best\u00e4ndigkeit gegen aliphatische Kohlenwasserstoffe, Mineral\u00f6le, pflanzliche \u00d6le, tierische \u00d6le, Fett, Propan, Butan, Erd\u00f6l auf.<\/p>\n","protected":false},"featured_media":0,"template":"","product_brand":[],"product_cat":[633],"product_tag":[],"class_list":{"0":"post-41859","1":"product","2":"type-product","3":"status-publish","5":"product_cat-statische-abdichtungen","6":"odd","8":"first","9":"instock","10":"shipping-taxable","11":"product-type-simple"},"_links":{"self":[{"href":"https:\/\/contarini.net\/de\/wp-json\/wp\/v2\/product\/41859","targetHints":{"allow":["GET"]}}],"collection":[{"href":"https:\/\/contarini.net\/de\/wp-json\/wp\/v2\/product"}],"about":[{"href":"https:\/\/contarini.net\/de\/wp-json\/wp\/v2\/types\/product"}],"wp:attachment":[{"href":"https:\/\/contarini.net\/de\/wp-json\/wp\/v2\/media?parent=41859"}],"wp:term":[{"taxonomy":"product_brand","embeddable":true,"href":"https:\/\/contarini.net\/de\/wp-json\/wp\/v2\/product_brand?post=41859"},{"taxonomy":"product_cat","embeddable":true,"href":"https:\/\/contarini.net\/de\/wp-json\/wp\/v2\/product_cat?post=41859"},{"taxonomy":"product_tag","embeddable":true,"href":"https:\/\/contarini.net\/de\/wp-json\/wp\/v2\/product_tag?post=41859"}],"curies":[{"name":"wp","href":"https:\/\/api.w.org\/{rel}","templated":true}]}}