{"id":41856,"date":"2016-09-06T17:27:11","date_gmt":"2016-09-06T15:27:11","guid":{"rendered":"https:\/\/contarini.net\/de\/produkt\/gds-de\/"},"modified":"2016-09-06T17:27:12","modified_gmt":"2016-09-06T15:27:12","slug":"gds-de","status":"publish","type":"product","link":"https:\/\/contarini.net\/de\/produkt\/gds-de\/","title":{"rendered":"STATISCHE ADBICHTUNGEN TYP GDS"},"content":{"rendered":"<p>Die Dichtungen GDS wurden in Polyurethan \u201cTECNOLAN\u201d geplant und realisiert, als Ersatz f\u00fcr den O-Ring-Typ. Im Unterschied zu diesem Typ weist der Typ GDS wegen seines besonderen Profils eine optimale Dichtigkeit bei hohen Drucken auf und rei\u00dft nicht durch Aufrollen desselben. Sie k\u00f6nnen sowohl f\u00fcr statische als auch f\u00fcr dynamische Funktionen verwendet werden und garantieren eine optimale Dichtigkeit, auch \u00fcber lange Zeit.<\/p>\n","protected":false},"excerpt":{"rendered":"<p>Die Dichtungen GDS wurden in Polyurethan \u201cTECNOLAN\u201d geplant und realisiert, als Ersatz f\u00fcr den O-Ring-Typ. Im Unterschied zu diesem Typ weist der Typ GDS wegen seines besonderen Profils eine optimale Dichtigkeit bei hohen Drucken auf und rei\u00dft nicht durch Aufrollen desselben. Sie k\u00f6nnen sowohl f\u00fcr statische als auch f\u00fcr dynamische Funktionen verwendet werden und garantieren eine optimale Dichtigkeit, auch \u00fcber [&hellip;]<\/p>\n","protected":false},"featured_media":0,"template":"","product_brand":[],"product_cat":[633],"product_tag":[],"class_list":{"0":"post-41856","1":"product","2":"type-product","3":"status-publish","5":"product_cat-statische-abdichtungen","6":"odd","8":"first","9":"instock","10":"shipping-taxable","11":"product-type-simple"},"_links":{"self":[{"href":"https:\/\/contarini.net\/de\/wp-json\/wp\/v2\/product\/41856","targetHints":{"allow":["GET"]}}],"collection":[{"href":"https:\/\/contarini.net\/de\/wp-json\/wp\/v2\/product"}],"about":[{"href":"https:\/\/contarini.net\/de\/wp-json\/wp\/v2\/types\/product"}],"wp:attachment":[{"href":"https:\/\/contarini.net\/de\/wp-json\/wp\/v2\/media?parent=41856"}],"wp:term":[{"taxonomy":"product_brand","embeddable":true,"href":"https:\/\/contarini.net\/de\/wp-json\/wp\/v2\/product_brand?post=41856"},{"taxonomy":"product_cat","embeddable":true,"href":"https:\/\/contarini.net\/de\/wp-json\/wp\/v2\/product_cat?post=41856"},{"taxonomy":"product_tag","embeddable":true,"href":"https:\/\/contarini.net\/de\/wp-json\/wp\/v2\/product_tag?post=41856"}],"curies":[{"name":"wp","href":"https:\/\/api.w.org\/{rel}","templated":true}]}}