{"id":41853,"date":"2016-09-06T17:27:10","date_gmt":"2016-09-06T15:27:10","guid":{"rendered":"https:\/\/contarini.net\/de\/produkt\/gssp-de\/"},"modified":"2016-09-06T17:27:10","modified_gmt":"2016-09-06T15:27:10","slug":"gssp-de","status":"publish","type":"product","link":"https:\/\/contarini.net\/de\/produkt\/gssp-de\/","title":{"rendered":"STATISCHE ADBICHTUNGEN TYP GSS\/P"},"content":{"rendered":"<p>Die Dichtung GSS ist als Dichtung f\u00fcr Flansche vom Typ SAE J518 geeignet. Aus Polyurethan \u201cTECNOLAN\u201d ausgef\u00fchrt, z\u00e4hlt sie ein erh\u00f6htes elastisches Modul und eine optimale Best\u00e4ndigkeit gegen Extrusion zu ihren Eigenschaften, w\u00e4hrend ihr Profil f\u00fcr hohen Druck geeignet ist und unter allen Bedingungen eine perfekte Dichtigkeit und eine l\u00e4ngere Haltbarkeit derselben garantiert.<\/p>\n","protected":false},"excerpt":{"rendered":"<p>Die Dichtung GSS ist als Dichtung f\u00fcr Flansche vom Typ SAE J518 geeignet. Aus Polyurethan \u201cTECNOLAN\u201d ausgef\u00fchrt, z\u00e4hlt sie ein erh\u00f6htes elastisches Modul und eine optimale Best\u00e4ndigkeit gegen Extrusion zu ihren Eigenschaften, w\u00e4hrend ihr Profil f\u00fcr hohen Druck geeignet ist und unter allen Bedingungen eine perfekte Dichtigkeit und eine l\u00e4ngere Haltbarkeit derselben garantiert.<\/p>\n","protected":false},"featured_media":0,"template":"","product_brand":[],"product_cat":[633],"product_tag":[],"class_list":{"0":"post-41853","1":"product","2":"type-product","3":"status-publish","5":"product_cat-statische-abdichtungen","6":"odd","8":"first","9":"instock","10":"shipping-taxable","11":"product-type-simple"},"_links":{"self":[{"href":"https:\/\/contarini.net\/de\/wp-json\/wp\/v2\/product\/41853","targetHints":{"allow":["GET"]}}],"collection":[{"href":"https:\/\/contarini.net\/de\/wp-json\/wp\/v2\/product"}],"about":[{"href":"https:\/\/contarini.net\/de\/wp-json\/wp\/v2\/types\/product"}],"wp:attachment":[{"href":"https:\/\/contarini.net\/de\/wp-json\/wp\/v2\/media?parent=41853"}],"wp:term":[{"taxonomy":"product_brand","embeddable":true,"href":"https:\/\/contarini.net\/de\/wp-json\/wp\/v2\/product_brand?post=41853"},{"taxonomy":"product_cat","embeddable":true,"href":"https:\/\/contarini.net\/de\/wp-json\/wp\/v2\/product_cat?post=41853"},{"taxonomy":"product_tag","embeddable":true,"href":"https:\/\/contarini.net\/de\/wp-json\/wp\/v2\/product_tag?post=41853"}],"curies":[{"name":"wp","href":"https:\/\/api.w.org\/{rel}","templated":true}]}}