{"id":41850,"date":"2016-09-06T17:27:08","date_gmt":"2016-09-06T15:27:08","guid":{"rendered":"https:\/\/contarini.net\/de\/produkt\/gorc-de\/"},"modified":"2016-09-06T17:27:08","modified_gmt":"2016-09-06T15:27:08","slug":"gorc-de","status":"publish","type":"product","link":"https:\/\/contarini.net\/de\/produkt\/gorc-de\/","title":{"rendered":"STATISCHE ADBICHTUNGEN TYP GORC"},"content":{"rendered":"<p>Die GORC-Schnur aus NBR weist eine gute Best\u00e4ndigkeit gegen aliphatische Kohlenwasserstoffe, Mineral\u00f6le, pflanzliche \u00d6le, tierische \u00d6le, Fett, Propan, Butan, Erd\u00f6l auf. Wird verwendet, um Dichtungen mit Sondergr\u00f6\u00dfen herzustellen.<\/p>\n","protected":false},"excerpt":{"rendered":"<p>Die GORC-Schnur aus NBR weist eine gute Best\u00e4ndigkeit gegen aliphatische Kohlenwasserstoffe, Mineral\u00f6le, pflanzliche \u00d6le, tierische \u00d6le, Fett, Propan, Butan, Erd\u00f6l auf. Wird verwendet, um Dichtungen mit Sondergr\u00f6\u00dfen herzustellen.<\/p>\n","protected":false},"featured_media":0,"template":"","product_brand":[],"product_cat":[633],"product_tag":[],"class_list":{"0":"post-41850","1":"product","2":"type-product","3":"status-publish","5":"product_cat-statische-abdichtungen","6":"odd","8":"first","9":"instock","10":"shipping-taxable","11":"product-type-simple"},"_links":{"self":[{"href":"https:\/\/contarini.net\/de\/wp-json\/wp\/v2\/product\/41850","targetHints":{"allow":["GET"]}}],"collection":[{"href":"https:\/\/contarini.net\/de\/wp-json\/wp\/v2\/product"}],"about":[{"href":"https:\/\/contarini.net\/de\/wp-json\/wp\/v2\/types\/product"}],"wp:attachment":[{"href":"https:\/\/contarini.net\/de\/wp-json\/wp\/v2\/media?parent=41850"}],"wp:term":[{"taxonomy":"product_brand","embeddable":true,"href":"https:\/\/contarini.net\/de\/wp-json\/wp\/v2\/product_brand?post=41850"},{"taxonomy":"product_cat","embeddable":true,"href":"https:\/\/contarini.net\/de\/wp-json\/wp\/v2\/product_cat?post=41850"},{"taxonomy":"product_tag","embeddable":true,"href":"https:\/\/contarini.net\/de\/wp-json\/wp\/v2\/product_tag?post=41850"}],"curies":[{"name":"wp","href":"https:\/\/api.w.org\/{rel}","templated":true}]}}