{"id":41844,"date":"2016-09-06T17:27:04","date_gmt":"2016-09-06T15:27:04","guid":{"rendered":"https:\/\/contarini.net\/de\/produkt\/o-ring-mm-de\/"},"modified":"2016-09-06T17:27:05","modified_gmt":"2016-09-06T15:27:05","slug":"o-ring-mm-de","status":"publish","type":"product","link":"https:\/\/contarini.net\/de\/produkt\/o-ring-mm-de\/","title":{"rendered":"STATISCHE ADBICHTUNGEN TYP O-RING mm"},"content":{"rendered":"<p>Die Standard-O-RINGE aus NBR weisen eine gute Best\u00e4ndigkeit gegen aliphatische Kohlenwasserstoffe, Mineral\u00f6le, pflanzliche \u00d6le, tierische \u00d6le, Fett, Propan, Butan, Erd\u00f6l auf.<\/p>\n","protected":false},"excerpt":{"rendered":"<p>Die Standard-O-RINGE aus NBR weisen eine gute Best\u00e4ndigkeit gegen aliphatische Kohlenwasserstoffe, Mineral\u00f6le, pflanzliche \u00d6le, tierische \u00d6le, Fett, Propan, Butan, Erd\u00f6l auf.<\/p>\n","protected":false},"featured_media":0,"template":"","product_brand":[],"product_cat":[633],"product_tag":[],"class_list":{"0":"post-41844","1":"product","2":"type-product","3":"status-publish","5":"product_cat-statische-abdichtungen","6":"odd","8":"first","9":"instock","10":"shipping-taxable","11":"product-type-simple"},"_links":{"self":[{"href":"https:\/\/contarini.net\/de\/wp-json\/wp\/v2\/product\/41844","targetHints":{"allow":["GET"]}}],"collection":[{"href":"https:\/\/contarini.net\/de\/wp-json\/wp\/v2\/product"}],"about":[{"href":"https:\/\/contarini.net\/de\/wp-json\/wp\/v2\/types\/product"}],"wp:attachment":[{"href":"https:\/\/contarini.net\/de\/wp-json\/wp\/v2\/media?parent=41844"}],"wp:term":[{"taxonomy":"product_brand","embeddable":true,"href":"https:\/\/contarini.net\/de\/wp-json\/wp\/v2\/product_brand?post=41844"},{"taxonomy":"product_cat","embeddable":true,"href":"https:\/\/contarini.net\/de\/wp-json\/wp\/v2\/product_cat?post=41844"},{"taxonomy":"product_tag","embeddable":true,"href":"https:\/\/contarini.net\/de\/wp-json\/wp\/v2\/product_tag?post=41844"}],"curies":[{"name":"wp","href":"https:\/\/api.w.org\/{rel}","templated":true}]}}