{"id":41829,"date":"2016-09-06T17:26:56","date_gmt":"2016-09-06T15:26:56","guid":{"rendered":"https:\/\/contarini.net\/de\/produkt\/tef-seal-de\/"},"modified":"2016-09-06T17:26:56","modified_gmt":"2016-09-06T15:26:56","slug":"tef-seal-de","status":"publish","type":"product","link":"https:\/\/contarini.net\/de\/produkt\/tef-seal-de\/","title":{"rendered":"F\u00dcHRUNGSRINGE TYP TEF-SEAL"},"content":{"rendered":"<p>Das F\u00fchrungselement TEF SEAL wird aus PTFE hergestellt, mit der M\u00f6glichkeit, mit verschiedenen F\u00fcllungen produziert zu werden (Bronze, Molybd\u00e4ndisulfid), je nach den verschiedenen Arbeitsbedingungen und Anwendungen. Die hohe Verschlei\u00dffestigkeit und der niedrige Reibungskoeffizient garantieren einen guten Betrieb ohne Schmierung, eine optimale Best\u00e4ndigkeit gegen chemische Substanzen und hohe Temperaturen.<\/p>\n","protected":false},"excerpt":{"rendered":"<p>Das F\u00fchrungselement TEF SEAL wird aus PTFE hergestellt, mit der M\u00f6glichkeit, mit verschiedenen F\u00fcllungen produziert zu werden (Bronze, Molybd\u00e4ndisulfid), je nach den verschiedenen Arbeitsbedingungen und Anwendungen. Die hohe Verschlei\u00dffestigkeit und der niedrige Reibungskoeffizient garantieren einen guten Betrieb ohne Schmierung, eine optimale Best\u00e4ndigkeit gegen chemische Substanzen und hohe Temperaturen.<\/p>\n","protected":false},"featured_media":0,"template":"","product_brand":[],"product_cat":[630],"product_tag":[],"class_list":{"0":"post-41829","1":"product","2":"type-product","3":"status-publish","5":"product_cat-fuehrungsringe","6":"odd","8":"first","9":"instock","10":"shipping-taxable","11":"product-type-simple"},"_links":{"self":[{"href":"https:\/\/contarini.net\/de\/wp-json\/wp\/v2\/product\/41829","targetHints":{"allow":["GET"]}}],"collection":[{"href":"https:\/\/contarini.net\/de\/wp-json\/wp\/v2\/product"}],"about":[{"href":"https:\/\/contarini.net\/de\/wp-json\/wp\/v2\/types\/product"}],"wp:attachment":[{"href":"https:\/\/contarini.net\/de\/wp-json\/wp\/v2\/media?parent=41829"}],"wp:term":[{"taxonomy":"product_brand","embeddable":true,"href":"https:\/\/contarini.net\/de\/wp-json\/wp\/v2\/product_brand?post=41829"},{"taxonomy":"product_cat","embeddable":true,"href":"https:\/\/contarini.net\/de\/wp-json\/wp\/v2\/product_cat?post=41829"},{"taxonomy":"product_tag","embeddable":true,"href":"https:\/\/contarini.net\/de\/wp-json\/wp\/v2\/product_tag?post=41829"}],"curies":[{"name":"wp","href":"https:\/\/api.w.org\/{rel}","templated":true}]}}