{"id":41826,"date":"2016-09-06T17:26:54","date_gmt":"2016-09-06T15:26:54","guid":{"rendered":"https:\/\/contarini.net\/de\/produkt\/gaf-de\/"},"modified":"2016-09-06T17:26:54","modified_gmt":"2016-09-06T15:26:54","slug":"gaf-de","status":"publish","type":"product","link":"https:\/\/contarini.net\/de\/produkt\/gaf-de\/","title":{"rendered":"F\u00dcHRUNGSRINGE TYP GAF"},"content":{"rendered":"<p>Die F\u00fchrungsringe GAF werden sowohl f\u00fcr die Montage auf Kolben als auch f\u00fcr die Montage auf Kolbenstangen einfach- und doppelwirkender Hydraulikzylinder ausgef\u00fchrt. Im Unterschied zu den herk\u00f6mmlichen Ringen aus Azetalharz (siehe AGI\/AGE) werden sie aus Phenolharz hergestellt, das eine optimale Best\u00e4ndigkeit gegen Axial-\/Radiallast garantiert. Sie werden haupts\u00e4chlich bei frontalen Teleskopzylindern, LKW-Kr\u00e4nen und Maschinen zur Erdbewegung eingesetzt und sind besonders geeignet unter schwierigen Betriebsbedingungen wie Versatz und Schwingungen.<\/p>\n","protected":false},"excerpt":{"rendered":"<p>Die F\u00fchrungsringe GAF werden sowohl f\u00fcr die Montage auf Kolben als auch f\u00fcr die Montage auf Kolbenstangen einfach- und doppelwirkender Hydraulikzylinder ausgef\u00fchrt. Im Unterschied zu den herk\u00f6mmlichen Ringen aus Azetalharz (siehe AGI\/AGE) werden sie aus Phenolharz hergestellt, das eine optimale Best\u00e4ndigkeit gegen Axial-\/Radiallast garantiert. Sie werden haupts\u00e4chlich bei frontalen Teleskopzylindern, LKW-Kr\u00e4nen und Maschinen zur Erdbewegung eingesetzt und sind besonders geeignet [&hellip;]<\/p>\n","protected":false},"featured_media":0,"template":"","product_brand":[],"product_cat":[630],"product_tag":[],"class_list":{"0":"post-41826","1":"product","2":"type-product","3":"status-publish","5":"product_cat-fuehrungsringe","6":"odd","8":"first","9":"instock","10":"shipping-taxable","11":"product-type-simple"},"_links":{"self":[{"href":"https:\/\/contarini.net\/de\/wp-json\/wp\/v2\/product\/41826","targetHints":{"allow":["GET"]}}],"collection":[{"href":"https:\/\/contarini.net\/de\/wp-json\/wp\/v2\/product"}],"about":[{"href":"https:\/\/contarini.net\/de\/wp-json\/wp\/v2\/types\/product"}],"wp:attachment":[{"href":"https:\/\/contarini.net\/de\/wp-json\/wp\/v2\/media?parent=41826"}],"wp:term":[{"taxonomy":"product_brand","embeddable":true,"href":"https:\/\/contarini.net\/de\/wp-json\/wp\/v2\/product_brand?post=41826"},{"taxonomy":"product_cat","embeddable":true,"href":"https:\/\/contarini.net\/de\/wp-json\/wp\/v2\/product_cat?post=41826"},{"taxonomy":"product_tag","embeddable":true,"href":"https:\/\/contarini.net\/de\/wp-json\/wp\/v2\/product_tag?post=41826"}],"curies":[{"name":"wp","href":"https:\/\/api.w.org\/{rel}","templated":true}]}}