{"id":41820,"date":"2016-09-06T17:26:51","date_gmt":"2016-09-06T15:26:51","guid":{"rendered":"https:\/\/contarini.net\/de\/produkt\/age-de\/"},"modified":"2016-09-06T17:26:51","modified_gmt":"2016-09-06T15:26:51","slug":"age-de","status":"publish","type":"product","link":"https:\/\/contarini.net\/de\/produkt\/age-de\/","title":{"rendered":"F\u00dcHRUNGSRINGE TYP AGE"},"content":{"rendered":"<p>Die F\u00fchrungsringe AGI und AGE sind F\u00fchrungselemente aus Kunststoffmaterial (Azetalharz mit angemessener F\u00fcllung) und werden mit \u00e4u\u00dferst geringen Toleranzen gepresst, um die Axiallasten vor Versatz auf Grund metallischer Bearbeitung zu sch\u00fctzen. Sie werden weitgehend in Kombination mit Dichtungen ohne eigenes F\u00fchrungssystem zur F\u00fchrung von Kolben und Kolbenstangen von Zylindern hydraulischer oder pneumatischer Ger\u00e4te verwendet. Sie sind besonders als Ersatz der herk\u00f6mmlichen F\u00fchrungssysteme mit Lagermetallen geeignet, da sie wegen ihres niedrigen Reibungskoeffizienten auch unter Bedingungen mit geringer Schmierung korrekt arbeiten. Sie werden in zwei verschiedenen Versionen hergestellt: AGE, f\u00fcr die F\u00fchrung von Kolben oder wenn der Kontakt an der \u00e4u\u00dferen Oberfl\u00e4che des Rings erfolgt, AGI f\u00fcr die F\u00fchrung von Sch\u00e4ften oder Kolbenstangen oder wenn das Gleiten auf der inneren Oberfl\u00e4che des Rings erfolgt.<\/p>\n","protected":false},"excerpt":{"rendered":"<p>Die F\u00fchrungsringe AGI und AGE sind F\u00fchrungselemente aus Kunststoffmaterial (Azetalharz mit angemessener F\u00fcllung) und werden mit \u00e4u\u00dferst geringen Toleranzen gepresst, um die Axiallasten vor Versatz auf Grund metallischer Bearbeitung zu sch\u00fctzen. Sie werden weitgehend in Kombination mit Dichtungen ohne eigenes F\u00fchrungssystem zur F\u00fchrung von Kolben und Kolbenstangen von Zylindern hydraulischer oder pneumatischer Ger\u00e4te verwendet. Sie sind besonders als Ersatz der [&hellip;]<\/p>\n","protected":false},"featured_media":0,"template":"","product_brand":[],"product_cat":[630],"product_tag":[],"class_list":{"0":"post-41820","1":"product","2":"type-product","3":"status-publish","5":"product_cat-fuehrungsringe","6":"odd","8":"first","9":"instock","10":"shipping-taxable","11":"product-type-simple"},"_links":{"self":[{"href":"https:\/\/contarini.net\/de\/wp-json\/wp\/v2\/product\/41820","targetHints":{"allow":["GET"]}}],"collection":[{"href":"https:\/\/contarini.net\/de\/wp-json\/wp\/v2\/product"}],"about":[{"href":"https:\/\/contarini.net\/de\/wp-json\/wp\/v2\/types\/product"}],"wp:attachment":[{"href":"https:\/\/contarini.net\/de\/wp-json\/wp\/v2\/media?parent=41820"}],"wp:term":[{"taxonomy":"product_brand","embeddable":true,"href":"https:\/\/contarini.net\/de\/wp-json\/wp\/v2\/product_brand?post=41820"},{"taxonomy":"product_cat","embeddable":true,"href":"https:\/\/contarini.net\/de\/wp-json\/wp\/v2\/product_cat?post=41820"},{"taxonomy":"product_tag","embeddable":true,"href":"https:\/\/contarini.net\/de\/wp-json\/wp\/v2\/product_tag?post=41820"}],"curies":[{"name":"wp","href":"https:\/\/api.w.org\/{rel}","templated":true}]}}