{"id":41811,"date":"2016-09-06T17:26:45","date_gmt":"2016-09-06T15:26:45","guid":{"rendered":"https:\/\/contarini.net\/de\/produkt\/ghf-de\/"},"modified":"2016-09-06T17:26:46","modified_gmt":"2016-09-06T15:26:46","slug":"ghf-de","status":"publish","type":"product","link":"https:\/\/contarini.net\/de\/produkt\/ghf-de\/","title":{"rendered":"ABSTREIFER TYP GHF"},"content":{"rendered":"<p>Die Abstreiferringe vom Typ GHF bestehen aus zwei Elementen und sind besonders f\u00fcr Kolbenstangen und doppelwirkende Hydraulikzylinder geeignet, wo eine geringe Reibung und eine gute Abstreiffunktion sowie ein guter Schutz gegen das Eintreten von Staub, Schlamm und Fl\u00fcssigkeiten, die die Dichtung besch\u00e4digen k\u00f6nnten, erforderlich sind. Sie bestehen aus einem Ring aus gef\u00fclltem PTFE und aus einem Druckring vom Typ OR aus NBR (oder alternativ aus FKM) und sind unter schwierigen Betriebsbedingungen mit hohen Temperaturen und Geschwindigkeiten angezeigt.<\/p>\n","protected":false},"excerpt":{"rendered":"<p>Die Abstreiferringe vom Typ GHF bestehen aus zwei Elementen und sind besonders f\u00fcr Kolbenstangen und doppelwirkende Hydraulikzylinder geeignet, wo eine geringe Reibung und eine gute Abstreiffunktion sowie ein guter Schutz gegen das Eintreten von Staub, Schlamm und Fl\u00fcssigkeiten, die die Dichtung besch\u00e4digen k\u00f6nnten, erforderlich sind. Sie bestehen aus einem Ring aus gef\u00fclltem PTFE und aus einem Druckring vom Typ OR [&hellip;]<\/p>\n","protected":false},"featured_media":0,"template":"","product_brand":[],"product_cat":[627],"product_tag":[],"class_list":{"0":"post-41811","1":"product","2":"type-product","3":"status-publish","5":"product_cat-abstreifer","6":"odd","8":"first","9":"instock","10":"shipping-taxable","11":"product-type-simple"},"_links":{"self":[{"href":"https:\/\/contarini.net\/de\/wp-json\/wp\/v2\/product\/41811","targetHints":{"allow":["GET"]}}],"collection":[{"href":"https:\/\/contarini.net\/de\/wp-json\/wp\/v2\/product"}],"about":[{"href":"https:\/\/contarini.net\/de\/wp-json\/wp\/v2\/types\/product"}],"wp:attachment":[{"href":"https:\/\/contarini.net\/de\/wp-json\/wp\/v2\/media?parent=41811"}],"wp:term":[{"taxonomy":"product_brand","embeddable":true,"href":"https:\/\/contarini.net\/de\/wp-json\/wp\/v2\/product_brand?post=41811"},{"taxonomy":"product_cat","embeddable":true,"href":"https:\/\/contarini.net\/de\/wp-json\/wp\/v2\/product_cat?post=41811"},{"taxonomy":"product_tag","embeddable":true,"href":"https:\/\/contarini.net\/de\/wp-json\/wp\/v2\/product_tag?post=41811"}],"curies":[{"name":"wp","href":"https:\/\/api.w.org\/{rel}","templated":true}]}}