{"id":41808,"date":"2016-09-06T17:26:44","date_gmt":"2016-09-06T15:26:44","guid":{"rendered":"https:\/\/contarini.net\/de\/produkt\/gpw-de\/"},"modified":"2016-09-06T17:26:44","modified_gmt":"2016-09-06T15:26:44","slug":"gpw-de","status":"publish","type":"product","link":"https:\/\/contarini.net\/de\/produkt\/gpw-de\/","title":{"rendered":"ABSTREIFER TYP GPW"},"content":{"rendered":"<p>Die Abstreiferringe vom Typ GPW aus Polyurethan \u201cTecnolan\u201c f\u00fchren eine doppelte Funktion als Abstreifer und Dichtung in nur einem Element aus. Neben der Schutzfunktion zum Verhindern des Eintritts von Staub, Schlamm, Schmutz und Metallabrieb, die eine Riefenbildung an der Kolbenstange hervorrufen k\u00f6nnten, garantiert das Vorhandensein einer zweiten Lippe auch im Fall eines Durchsickerns der Fl\u00fcssigkeit maximale Dichtigkeit. Sie sind besonders f\u00fcr Industriezylinder sowie f\u00fcr landwirtschaftliche Maschinen und Maschinen zur Erdbewegung geeignet.<\/p>\n","protected":false},"excerpt":{"rendered":"<p>Die Abstreiferringe vom Typ GPW aus Polyurethan \u201cTecnolan\u201c f\u00fchren eine doppelte Funktion als Abstreifer und Dichtung in nur einem Element aus. Neben der Schutzfunktion zum Verhindern des Eintritts von Staub, Schlamm, Schmutz und Metallabrieb, die eine Riefenbildung an der Kolbenstange hervorrufen k\u00f6nnten, garantiert das Vorhandensein einer zweiten Lippe auch im Fall eines Durchsickerns der Fl\u00fcssigkeit maximale Dichtigkeit. Sie sind besonders [&hellip;]<\/p>\n","protected":false},"featured_media":0,"template":"","product_brand":[],"product_cat":[627],"product_tag":[],"class_list":{"0":"post-41808","1":"product","2":"type-product","3":"status-publish","5":"product_cat-abstreifer","6":"odd","8":"first","9":"instock","10":"shipping-taxable","11":"product-type-simple"},"_links":{"self":[{"href":"https:\/\/contarini.net\/de\/wp-json\/wp\/v2\/product\/41808","targetHints":{"allow":["GET"]}}],"collection":[{"href":"https:\/\/contarini.net\/de\/wp-json\/wp\/v2\/product"}],"about":[{"href":"https:\/\/contarini.net\/de\/wp-json\/wp\/v2\/types\/product"}],"wp:attachment":[{"href":"https:\/\/contarini.net\/de\/wp-json\/wp\/v2\/media?parent=41808"}],"wp:term":[{"taxonomy":"product_brand","embeddable":true,"href":"https:\/\/contarini.net\/de\/wp-json\/wp\/v2\/product_brand?post=41808"},{"taxonomy":"product_cat","embeddable":true,"href":"https:\/\/contarini.net\/de\/wp-json\/wp\/v2\/product_cat?post=41808"},{"taxonomy":"product_tag","embeddable":true,"href":"https:\/\/contarini.net\/de\/wp-json\/wp\/v2\/product_tag?post=41808"}],"curies":[{"name":"wp","href":"https:\/\/api.w.org\/{rel}","templated":true}]}}