{"id":41805,"date":"2016-09-06T17:26:42","date_gmt":"2016-09-06T15:26:42","guid":{"rendered":"https:\/\/contarini.net\/de\/produkt\/ghp-de\/"},"modified":"2016-09-06T17:26:43","modified_gmt":"2016-09-06T15:26:43","slug":"ghp-de","status":"publish","type":"product","link":"https:\/\/contarini.net\/de\/produkt\/ghp-de\/","title":{"rendered":"ABSTREIFER TYP GHP"},"content":{"rendered":"<p>Die Abstreifer vom Typ GHP aus Polyurethan stellen eine \u00e4u\u00dferst wichtige Komponente zum Schutz der verschiedenen Organe in hydraulischen und pneumatischen Ger\u00e4ten dar. Ihre Hauptaufgabe ist, die M\u00f6glichkeit von Staub- oder Schlamminfiltrationen oder Infiltrationen irgendwelcher Fremdk\u00f6rper in die Fl\u00fcssigkeit der Zylinder zu verhindern, die nicht nur das Funktionieren der Dichtungen beeintr\u00e4chtigen, sondern wegen der abrasiven Wirkung die Oberfl\u00e4che der Zylinder und der Kolbenstangen besch\u00e4digen w\u00fcrden. Dieser Abstreifertyp ist besonders geeignet, wenn sich die Ger\u00e4te in feuchten und staubigen Umgebungen befinden; wegen des besonderen Profils sind sie \u00fcber einen einfachen Eingriff am Sitz leicht zu montieren. Unter besonders schwierigen Betriebsbedingungen ersuchen wir Sie, uns bez\u00fcglich einer Empfehlung der besten Dichtungsl\u00f6sung zu kontaktieren.<\/p>\n","protected":false},"excerpt":{"rendered":"<p>Die Abstreifer vom Typ GHP aus Polyurethan stellen eine \u00e4u\u00dferst wichtige Komponente zum Schutz der verschiedenen Organe in hydraulischen und pneumatischen Ger\u00e4ten dar. Ihre Hauptaufgabe ist, die M\u00f6glichkeit von Staub- oder Schlamminfiltrationen oder Infiltrationen irgendwelcher Fremdk\u00f6rper in die Fl\u00fcssigkeit der Zylinder zu verhindern, die nicht nur das Funktionieren der Dichtungen beeintr\u00e4chtigen, sondern wegen der abrasiven Wirkung die Oberfl\u00e4che der Zylinder [&hellip;]<\/p>\n","protected":false},"featured_media":0,"template":"","product_brand":[],"product_cat":[627],"product_tag":[],"class_list":{"0":"post-41805","1":"product","2":"type-product","3":"status-publish","5":"product_cat-abstreifer","6":"odd","8":"first","9":"instock","10":"shipping-taxable","11":"product-type-simple"},"_links":{"self":[{"href":"https:\/\/contarini.net\/de\/wp-json\/wp\/v2\/product\/41805","targetHints":{"allow":["GET"]}}],"collection":[{"href":"https:\/\/contarini.net\/de\/wp-json\/wp\/v2\/product"}],"about":[{"href":"https:\/\/contarini.net\/de\/wp-json\/wp\/v2\/types\/product"}],"wp:attachment":[{"href":"https:\/\/contarini.net\/de\/wp-json\/wp\/v2\/media?parent=41805"}],"wp:term":[{"taxonomy":"product_brand","embeddable":true,"href":"https:\/\/contarini.net\/de\/wp-json\/wp\/v2\/product_brand?post=41805"},{"taxonomy":"product_cat","embeddable":true,"href":"https:\/\/contarini.net\/de\/wp-json\/wp\/v2\/product_cat?post=41805"},{"taxonomy":"product_tag","embeddable":true,"href":"https:\/\/contarini.net\/de\/wp-json\/wp\/v2\/product_tag?post=41805"}],"curies":[{"name":"wp","href":"https:\/\/api.w.org\/{rel}","templated":true}]}}