{"id":41802,"date":"2016-09-06T17:26:41","date_gmt":"2016-09-06T15:26:41","guid":{"rendered":"https:\/\/contarini.net\/de\/produkt\/gpa-de\/"},"modified":"2016-09-06T17:26:42","modified_gmt":"2016-09-06T15:26:42","slug":"gpa-de","status":"publish","type":"product","link":"https:\/\/contarini.net\/de\/produkt\/gpa-de\/","title":{"rendered":"ABSTREIFER TYP GPA"},"content":{"rendered":"<p>Die Abstreiferringe GPA wurden f\u00fcr Kolbenstangen von Hydraulikzylindern f\u00fcr eine Montage auf dem freien Sitz entworfen und realisiert. Sie bestehen aus zwei miteinander vulkanisierten Elementen \u2013 einem \u00e4u\u00dferen Ring aus Stahl und einem abstreifenden Teil aus Polyurethan \u2013 und werden dank ihrer Vielseitigkeit und Zweckm\u00e4\u00dfigkeit unabh\u00e4ngig sowohl auf Industriezylindern als auch auf Zylindern von Maschinen zur Erdbewegung eingesetzt. Ihre besondere Zusammensetzung und ihr Profil erm\u00f6glichen den Schutz der Kolbenstangen vor Verunreinigungen und verhindern das Eintreten von Staub, Schlamm und anderer Fl\u00fcssigkeiten, die die Dichtung besch\u00e4digen k\u00f6nnten.<\/p>\n","protected":false},"excerpt":{"rendered":"<p>Die Abstreiferringe GPA wurden f\u00fcr Kolbenstangen von Hydraulikzylindern f\u00fcr eine Montage auf dem freien Sitz entworfen und realisiert. Sie bestehen aus zwei miteinander vulkanisierten Elementen \u2013 einem \u00e4u\u00dferen Ring aus Stahl und einem abstreifenden Teil aus Polyurethan \u2013 und werden dank ihrer Vielseitigkeit und Zweckm\u00e4\u00dfigkeit unabh\u00e4ngig sowohl auf Industriezylindern als auch auf Zylindern von Maschinen zur Erdbewegung eingesetzt. Ihre besondere [&hellip;]<\/p>\n","protected":false},"featured_media":0,"template":"","product_brand":[],"product_cat":[627],"product_tag":[],"class_list":{"0":"post-41802","1":"product","2":"type-product","3":"status-publish","5":"product_cat-abstreifer","6":"odd","8":"first","9":"instock","10":"shipping-taxable","11":"product-type-simple"},"_links":{"self":[{"href":"https:\/\/contarini.net\/de\/wp-json\/wp\/v2\/product\/41802","targetHints":{"allow":["GET"]}}],"collection":[{"href":"https:\/\/contarini.net\/de\/wp-json\/wp\/v2\/product"}],"about":[{"href":"https:\/\/contarini.net\/de\/wp-json\/wp\/v2\/types\/product"}],"wp:attachment":[{"href":"https:\/\/contarini.net\/de\/wp-json\/wp\/v2\/media?parent=41802"}],"wp:term":[{"taxonomy":"product_brand","embeddable":true,"href":"https:\/\/contarini.net\/de\/wp-json\/wp\/v2\/product_brand?post=41802"},{"taxonomy":"product_cat","embeddable":true,"href":"https:\/\/contarini.net\/de\/wp-json\/wp\/v2\/product_cat?post=41802"},{"taxonomy":"product_tag","embeddable":true,"href":"https:\/\/contarini.net\/de\/wp-json\/wp\/v2\/product_tag?post=41802"}],"curies":[{"name":"wp","href":"https:\/\/api.w.org\/{rel}","templated":true}]}}