{"id":41784,"date":"2016-09-06T17:26:32","date_gmt":"2016-09-06T15:26:32","guid":{"rendered":"https:\/\/contarini.net\/de\/produkt\/gir-de\/"},"modified":"2016-09-06T17:26:33","modified_gmt":"2016-09-06T15:26:33","slug":"gir-de","status":"publish","type":"product","link":"https:\/\/contarini.net\/de\/produkt\/gir-de\/","title":{"rendered":"STANGENDICHTUNGEN TYP GIR"},"content":{"rendered":"<p>Die Dichtungen GIR-GER wurden von uns realisiert, um den Kunden neue verbesserte technologische L\u00f6sungen zu bieten, die eine bessere Wirtschaftlichkeit sowohl bei den Kosten der Dichtung als auch bei der Bearbeitung erm\u00f6glichen, da es sich hierbei um Dichtungen handelt, die in einer geschlossenen Nut montiert werden. Sie sind besonders geeignet f\u00fcr einfach- und doppelwirksame Hydraulikzylinder, f\u00fcr Pressen, Pumpen und im Speziellen f\u00fcr Maschinen zur Erdbewegung, wo der Verschlei\u00df der Dichtungen erheblich ist, da alle Typen, die normaler Weise im Handel erh\u00e4ltlich sind, rasch verschlei\u00dfen sowie in F\u00e4llen, wo der Platz minimal ist und die Kosten oft eingeschr\u00e4nkt werden m\u00fcssen. Sie werden in zwei Typen hergestellt, bezeichnet mit Serie GER (f\u00fcr die Dichtigkeit auf Kolben) und GIR (f\u00fcr die Dichtigkeit auf Kolbenstangen). Sie bestehen aus zwei Teilen, genauer aus einem Ring aus gef\u00fclltem PTFE-Material, der eine optimale Dichtigkeit, einen ausgesprochen niedrigen Reibungskoeffizienten, eine hohe Verschlei\u00dffestigkeit und eine ausgezeichnete Korrosionsfestigkeit bietet und aus einem TECNORING-Ring aus speziellem synthetischem Gummi, der als Schieber f\u00fcr den Dichtungsring fungiert.<\/p>\n","protected":false},"excerpt":{"rendered":"<p>Die Dichtungen GIR-GER wurden von uns realisiert, um den Kunden neue verbesserte technologische L\u00f6sungen zu bieten, die eine bessere Wirtschaftlichkeit sowohl bei den Kosten der Dichtung als auch bei der Bearbeitung erm\u00f6glichen, da es sich hierbei um Dichtungen handelt, die in einer geschlossenen Nut montiert werden. Sie sind besonders geeignet f\u00fcr einfach- und doppelwirksame Hydraulikzylinder, f\u00fcr Pressen, Pumpen und im [&hellip;]<\/p>\n","protected":false},"featured_media":0,"template":"","product_brand":[],"product_cat":[624],"product_tag":[],"class_list":{"0":"post-41784","1":"product","2":"type-product","3":"status-publish","5":"product_cat-stangendichtungen","6":"odd","8":"first","9":"instock","10":"shipping-taxable","11":"product-type-simple"},"_links":{"self":[{"href":"https:\/\/contarini.net\/de\/wp-json\/wp\/v2\/product\/41784","targetHints":{"allow":["GET"]}}],"collection":[{"href":"https:\/\/contarini.net\/de\/wp-json\/wp\/v2\/product"}],"about":[{"href":"https:\/\/contarini.net\/de\/wp-json\/wp\/v2\/types\/product"}],"wp:attachment":[{"href":"https:\/\/contarini.net\/de\/wp-json\/wp\/v2\/media?parent=41784"}],"wp:term":[{"taxonomy":"product_brand","embeddable":true,"href":"https:\/\/contarini.net\/de\/wp-json\/wp\/v2\/product_brand?post=41784"},{"taxonomy":"product_cat","embeddable":true,"href":"https:\/\/contarini.net\/de\/wp-json\/wp\/v2\/product_cat?post=41784"},{"taxonomy":"product_tag","embeddable":true,"href":"https:\/\/contarini.net\/de\/wp-json\/wp\/v2\/product_tag?post=41784"}],"curies":[{"name":"wp","href":"https:\/\/api.w.org\/{rel}","templated":true}]}}