{"id":41778,"date":"2016-09-06T17:26:29","date_gmt":"2016-09-06T15:26:29","guid":{"rendered":"https:\/\/contarini.net\/de\/produkt\/ttxs-de\/"},"modified":"2016-09-06T17:26:30","modified_gmt":"2016-09-06T15:26:30","slug":"ttxs-de","status":"publish","type":"product","link":"https:\/\/contarini.net\/de\/produkt\/ttxs-de\/","title":{"rendered":"STANGENDICHTUNGEN TYP TTX\/S"},"content":{"rendered":"<p>Der TTX-Typ ist als Kolbenstangendichtung geeignet. Wie alle Dichtungen aus Polyurethan \u201cTECNOLAN\u201d, z\u00e4hlt sie ein erh\u00f6htes elastisches Modul, eine niedrige Deformation und eine gute Abriebfestigkeit zu ihren Eigenschaften, w\u00e4hrend Ihr besonderes Profil eine perfekte Dichtigkeit, minimale Reibung und somit eine hohe Zuverl\u00e4ssigkeit garantiert. Sie wurde f\u00fcr Anwendungen unter besonders schwierigen Betriebsbedingungen konzipiert; im Speziellen garantiert das Vorhandensein einer zweiten Lippe auf dem dynamischen Teil der Dichtung durch die Wirkung der Radialvorspannung auch bei hohem Druck, hohem Extrusionsfaktor und gro\u00dfem Spiel mechanischer Kupplungen eine perfekte Dichtigkeit.<\/p>\n","protected":false},"excerpt":{"rendered":"<p>Der TTX-Typ ist als Kolbenstangendichtung geeignet. Wie alle Dichtungen aus Polyurethan \u201cTECNOLAN\u201d, z\u00e4hlt sie ein erh\u00f6htes elastisches Modul, eine niedrige Deformation und eine gute Abriebfestigkeit zu ihren Eigenschaften, w\u00e4hrend Ihr besonderes Profil eine perfekte Dichtigkeit, minimale Reibung und somit eine hohe Zuverl\u00e4ssigkeit garantiert. Sie wurde f\u00fcr Anwendungen unter besonders schwierigen Betriebsbedingungen konzipiert; im Speziellen garantiert das Vorhandensein einer zweiten Lippe [&hellip;]<\/p>\n","protected":false},"featured_media":0,"template":"","product_brand":[],"product_cat":[624],"product_tag":[],"class_list":{"0":"post-41778","1":"product","2":"type-product","3":"status-publish","5":"product_cat-stangendichtungen","6":"odd","8":"first","9":"instock","10":"shipping-taxable","11":"product-type-simple"},"_links":{"self":[{"href":"https:\/\/contarini.net\/de\/wp-json\/wp\/v2\/product\/41778","targetHints":{"allow":["GET"]}}],"collection":[{"href":"https:\/\/contarini.net\/de\/wp-json\/wp\/v2\/product"}],"about":[{"href":"https:\/\/contarini.net\/de\/wp-json\/wp\/v2\/types\/product"}],"wp:attachment":[{"href":"https:\/\/contarini.net\/de\/wp-json\/wp\/v2\/media?parent=41778"}],"wp:term":[{"taxonomy":"product_brand","embeddable":true,"href":"https:\/\/contarini.net\/de\/wp-json\/wp\/v2\/product_brand?post=41778"},{"taxonomy":"product_cat","embeddable":true,"href":"https:\/\/contarini.net\/de\/wp-json\/wp\/v2\/product_cat?post=41778"},{"taxonomy":"product_tag","embeddable":true,"href":"https:\/\/contarini.net\/de\/wp-json\/wp\/v2\/product_tag?post=41778"}],"curies":[{"name":"wp","href":"https:\/\/api.w.org\/{rel}","templated":true}]}}