{"id":41769,"date":"2016-09-06T17:26:26","date_gmt":"2016-09-06T15:26:26","guid":{"rendered":"https:\/\/contarini.net\/de\/produkt\/tts-de\/"},"modified":"2016-09-06T17:26:26","modified_gmt":"2016-09-06T15:26:26","slug":"tts-de","status":"publish","type":"product","link":"https:\/\/contarini.net\/de\/produkt\/tts-de\/","title":{"rendered":"STANGENDICHTUNGEN TYP TTS"},"content":{"rendered":"<p>Der TTS-Typ ist als Kolbenstangendichtung geeignet. Wie alle Dichtungen aus Polyurethan \u201cTECNOLAN\u201d, z\u00e4hlt sie ein erh\u00f6htes elastisches Modul, eine niedrige Deformation und eine gute Abriebfestigkeit zu ihren Eigenschaften, w\u00e4hrend sich ihr besonderes Profil sowohl bei niedrigen als auch hohen Drucken gut der Dichtigkeit anpasst. Diese Eigenschaften verleihen der TTS in verschiedensten und zahlreichen Anwendungen von Hydraulikzylindern Zuverl\u00e4ssigkeit. Die Version mit Doppeldichtungslippe vom Typ TTS\/L wurde f\u00fcr Anwendungen mit hoher Reibung konzipiert (z.B. in Teleskopzylindern), w\u00e4hrend die Variante Typ TTS\/AI bei hohem Druck, hohem Extrusionsfaktor und gro\u00dfem Spiel mechanischer Kupplungen geeignet ist.<\/p>\n","protected":false},"excerpt":{"rendered":"<p>Der TTS-Typ ist als Kolbenstangendichtung geeignet. Wie alle Dichtungen aus Polyurethan \u201cTECNOLAN\u201d, z\u00e4hlt sie ein erh\u00f6htes elastisches Modul, eine niedrige Deformation und eine gute Abriebfestigkeit zu ihren Eigenschaften, w\u00e4hrend sich ihr besonderes Profil sowohl bei niedrigen als auch hohen Drucken gut der Dichtigkeit anpasst. Diese Eigenschaften verleihen der TTS in verschiedensten und zahlreichen Anwendungen von Hydraulikzylindern Zuverl\u00e4ssigkeit. Die Version mit [&hellip;]<\/p>\n","protected":false},"featured_media":0,"template":"","product_brand":[],"product_cat":[624],"product_tag":[],"class_list":{"0":"post-41769","1":"product","2":"type-product","3":"status-publish","5":"product_cat-stangendichtungen","6":"odd","8":"first","9":"instock","10":"shipping-taxable","11":"product-type-simple"},"_links":{"self":[{"href":"https:\/\/contarini.net\/de\/wp-json\/wp\/v2\/product\/41769","targetHints":{"allow":["GET"]}}],"collection":[{"href":"https:\/\/contarini.net\/de\/wp-json\/wp\/v2\/product"}],"about":[{"href":"https:\/\/contarini.net\/de\/wp-json\/wp\/v2\/types\/product"}],"wp:attachment":[{"href":"https:\/\/contarini.net\/de\/wp-json\/wp\/v2\/media?parent=41769"}],"wp:term":[{"taxonomy":"product_brand","embeddable":true,"href":"https:\/\/contarini.net\/de\/wp-json\/wp\/v2\/product_brand?post=41769"},{"taxonomy":"product_cat","embeddable":true,"href":"https:\/\/contarini.net\/de\/wp-json\/wp\/v2\/product_cat?post=41769"},{"taxonomy":"product_tag","embeddable":true,"href":"https:\/\/contarini.net\/de\/wp-json\/wp\/v2\/product_tag?post=41769"}],"curies":[{"name":"wp","href":"https:\/\/api.w.org\/{rel}","templated":true}]}}