{"id":41760,"date":"2016-09-06T17:26:22","date_gmt":"2016-09-06T15:26:22","guid":{"rendered":"https:\/\/contarini.net\/de\/produkt\/gt5-de\/"},"modified":"2016-09-06T17:26:22","modified_gmt":"2016-09-06T15:26:22","slug":"gt5-de","status":"publish","type":"product","link":"https:\/\/contarini.net\/de\/produkt\/gt5-de\/","title":{"rendered":"STANGENDICHTUNGEN TYP GT5"},"content":{"rendered":"<p>Die Paketdichtungen GT sind dank ihrer Vielseitigkeit sowohl f\u00fcr die Dichtigkeit von doppelwirksamen Hydraulikzylindern geeignet (GT\/3 bestehend aus 3 Elementen), als auch f\u00fcr die Dichtigkeit auf Kolbenstangen von Hydraulikzylindern, falls die Betriebsbedingungen besonders schwierig sind (GT\/5 und GT\/7 entsprechend aus 5 und 7 Elementen gebildet). Dar\u00fcber hinaus ist dieser Dichtungstyp, da die M\u00f6glichkeit besteht, ihn bei einem Durchsickern von Fl\u00fcssigkeit mit Distanzst\u00fccken einzustellen, f\u00fcr Pressen und Hydraulikpumpen geeignet. Er ist als Standardtyp (Leinengummi\/NBR) und f\u00fcr spezielle Anwendungen mit hohen Temperaturen und\/oder besonderen chemischen Wirkstoffen als Spezialtyp (Leinengummi\/FKM) erh\u00e4ltlich.<\/p>\n","protected":false},"excerpt":{"rendered":"<p>Die Paketdichtungen GT sind dank ihrer Vielseitigkeit sowohl f\u00fcr die Dichtigkeit von doppelwirksamen Hydraulikzylindern geeignet (GT\/3 bestehend aus 3 Elementen), als auch f\u00fcr die Dichtigkeit auf Kolbenstangen von Hydraulikzylindern, falls die Betriebsbedingungen besonders schwierig sind (GT\/5 und GT\/7 entsprechend aus 5 und 7 Elementen gebildet). Dar\u00fcber hinaus ist dieser Dichtungstyp, da die M\u00f6glichkeit besteht, ihn bei einem Durchsickern von Fl\u00fcssigkeit [&hellip;]<\/p>\n","protected":false},"featured_media":0,"template":"","product_brand":[],"product_cat":[624],"product_tag":[],"class_list":{"0":"post-41760","1":"product","2":"type-product","3":"status-publish","5":"product_cat-stangendichtungen","6":"odd","8":"first","9":"instock","10":"shipping-taxable","11":"product-type-simple"},"_links":{"self":[{"href":"https:\/\/contarini.net\/de\/wp-json\/wp\/v2\/product\/41760","targetHints":{"allow":["GET"]}}],"collection":[{"href":"https:\/\/contarini.net\/de\/wp-json\/wp\/v2\/product"}],"about":[{"href":"https:\/\/contarini.net\/de\/wp-json\/wp\/v2\/types\/product"}],"wp:attachment":[{"href":"https:\/\/contarini.net\/de\/wp-json\/wp\/v2\/media?parent=41760"}],"wp:term":[{"taxonomy":"product_brand","embeddable":true,"href":"https:\/\/contarini.net\/de\/wp-json\/wp\/v2\/product_brand?post=41760"},{"taxonomy":"product_cat","embeddable":true,"href":"https:\/\/contarini.net\/de\/wp-json\/wp\/v2\/product_cat?post=41760"},{"taxonomy":"product_tag","embeddable":true,"href":"https:\/\/contarini.net\/de\/wp-json\/wp\/v2\/product_tag?post=41760"}],"curies":[{"name":"wp","href":"https:\/\/api.w.org\/{rel}","templated":true}]}}