{"id":41757,"date":"2016-09-06T17:26:20","date_gmt":"2016-09-06T15:26:20","guid":{"rendered":"https:\/\/contarini.net\/de\/produkt\/pse-de\/"},"modified":"2016-09-06T17:26:21","modified_gmt":"2016-09-06T15:26:21","slug":"pse-de","status":"publish","type":"product","link":"https:\/\/contarini.net\/de\/produkt\/pse-de\/","title":{"rendered":"STANGENDICHTUNGEN TYP PSE"},"content":{"rendered":"<p>Die PSE Dichtung ist wegen ihres Profils f\u00fcr die Dichtigkeit auf Kolbenstangen von Hydraulikzylindern sowie unter besonders schweren Betriebsbedingungen wie Schwingungen und\/oder Versatz geeignet. Sie besteht aus 3 Elementen: Einem Dichtungsteil aus NBR, einem Basisring aus Leinengummi und dazwischenliegend einem Antiextrusionsring aus Azetal. Sie ist auch in der Standardversion Typ PSE erh\u00e4ltlich, die besonders f\u00fcr Zylinder von Maschinen zur Erdbewegung geeignet ist und in der Version Typ PSE\/K, deren Profil besonders f\u00fcr St\u00fctzger\u00e4te im Bergbaubereich geeignet ist. Neben den Standardversionen kann die Dichtung auch mit speziellem Material, das f\u00fcr hohe Temperaturen geeignet ist, ausgef\u00fchrt werden.<\/p>\n","protected":false},"excerpt":{"rendered":"<p>Die PSE Dichtung ist wegen ihres Profils f\u00fcr die Dichtigkeit auf Kolbenstangen von Hydraulikzylindern sowie unter besonders schweren Betriebsbedingungen wie Schwingungen und\/oder Versatz geeignet. Sie besteht aus 3 Elementen: Einem Dichtungsteil aus NBR, einem Basisring aus Leinengummi und dazwischenliegend einem Antiextrusionsring aus Azetal. Sie ist auch in der Standardversion Typ PSE erh\u00e4ltlich, die besonders f\u00fcr Zylinder von Maschinen zur Erdbewegung [&hellip;]<\/p>\n","protected":false},"featured_media":0,"template":"","product_brand":[],"product_cat":[624],"product_tag":[],"class_list":{"0":"post-41757","1":"product","2":"type-product","3":"status-publish","5":"product_cat-stangendichtungen","6":"odd","8":"first","9":"instock","10":"shipping-taxable","11":"product-type-simple"},"_links":{"self":[{"href":"https:\/\/contarini.net\/de\/wp-json\/wp\/v2\/product\/41757","targetHints":{"allow":["GET"]}}],"collection":[{"href":"https:\/\/contarini.net\/de\/wp-json\/wp\/v2\/product"}],"about":[{"href":"https:\/\/contarini.net\/de\/wp-json\/wp\/v2\/types\/product"}],"wp:attachment":[{"href":"https:\/\/contarini.net\/de\/wp-json\/wp\/v2\/media?parent=41757"}],"wp:term":[{"taxonomy":"product_brand","embeddable":true,"href":"https:\/\/contarini.net\/de\/wp-json\/wp\/v2\/product_brand?post=41757"},{"taxonomy":"product_cat","embeddable":true,"href":"https:\/\/contarini.net\/de\/wp-json\/wp\/v2\/product_cat?post=41757"},{"taxonomy":"product_tag","embeddable":true,"href":"https:\/\/contarini.net\/de\/wp-json\/wp\/v2\/product_tag?post=41757"}],"curies":[{"name":"wp","href":"https:\/\/api.w.org\/{rel}","templated":true}]}}