{"id":41754,"date":"2016-09-06T17:26:19","date_gmt":"2016-09-06T15:26:19","guid":{"rendered":"https:\/\/contarini.net\/de\/produkt\/tse-de\/"},"modified":"2016-09-06T17:26:19","modified_gmt":"2016-09-06T15:26:19","slug":"tse-de","status":"publish","type":"product","link":"https:\/\/contarini.net\/de\/produkt\/tse-de\/","title":{"rendered":"STANGENDICHTUNGEN TYP TSETSE\/AI &#8211; TSE\/AE"},"content":{"rendered":"<p>Die Dichtung TSE ist f\u00fcr die Dichtigkeit auf Kolbenstangen von Hydraulikzylindern geeignet, kann aber, da sie mit einem \u00e4u\u00dferen Ring (TSE\/AE) ausgestattet ist, auch auf Kolben von einfachwirkenden Zylindern montiert werden. Sie besteht aus einem einzigen St\u00fcck, das aus der Vulkanisierung zweier Materialien stammt: Leinengummi als Antiextrusionslager und NBR als Dichtungsteil. Neben der Version TSE und TSE\/AE ist auch der Typ TSE\/AI erh\u00e4ltlich, mit einem Antiextrusionsring auf dem Innendurchmesser, besonders geeignet bei schwierigen Betriebsbedingungen und bei Vorhandensein hoher Passtoleranzen. Neben den Standardversionen kann die Dichtung auch mit speziellem Material, das f\u00fcr hohe Temperaturen geeignet ist, ausgef\u00fchrt werden.<\/p>\n","protected":false},"excerpt":{"rendered":"<p>Die Dichtung TSE ist f\u00fcr die Dichtigkeit auf Kolbenstangen von Hydraulikzylindern geeignet, kann aber, da sie mit einem \u00e4u\u00dferen Ring (TSE\/AE) ausgestattet ist, auch auf Kolben von einfachwirkenden Zylindern montiert werden. Sie besteht aus einem einzigen St\u00fcck, das aus der Vulkanisierung zweier Materialien stammt: Leinengummi als Antiextrusionslager und NBR als Dichtungsteil. Neben der Version TSE und TSE\/AE ist auch der [&hellip;]<\/p>\n","protected":false},"featured_media":0,"template":"","product_brand":[],"product_cat":[624],"product_tag":[],"class_list":{"0":"post-41754","1":"product","2":"type-product","3":"status-publish","5":"product_cat-stangendichtungen","6":"odd","8":"first","9":"instock","10":"shipping-taxable","11":"product-type-simple"},"_links":{"self":[{"href":"https:\/\/contarini.net\/de\/wp-json\/wp\/v2\/product\/41754","targetHints":{"allow":["GET"]}}],"collection":[{"href":"https:\/\/contarini.net\/de\/wp-json\/wp\/v2\/product"}],"about":[{"href":"https:\/\/contarini.net\/de\/wp-json\/wp\/v2\/types\/product"}],"wp:attachment":[{"href":"https:\/\/contarini.net\/de\/wp-json\/wp\/v2\/media?parent=41754"}],"wp:term":[{"taxonomy":"product_brand","embeddable":true,"href":"https:\/\/contarini.net\/de\/wp-json\/wp\/v2\/product_brand?post=41754"},{"taxonomy":"product_cat","embeddable":true,"href":"https:\/\/contarini.net\/de\/wp-json\/wp\/v2\/product_cat?post=41754"},{"taxonomy":"product_tag","embeddable":true,"href":"https:\/\/contarini.net\/de\/wp-json\/wp\/v2\/product_tag?post=41754"}],"curies":[{"name":"wp","href":"https:\/\/api.w.org\/{rel}","templated":true}]}}