{"id":41724,"date":"2016-09-06T17:26:07","date_gmt":"2016-09-06T15:26:07","guid":{"rendered":"https:\/\/contarini.net\/de\/produkt\/tte-de\/"},"modified":"2016-09-06T17:26:07","modified_gmt":"2016-09-06T15:26:07","slug":"tte-de","status":"publish","type":"product","link":"https:\/\/contarini.net\/de\/produkt\/tte-de\/","title":{"rendered":"KOLBENDICHTUNGEN TYP TTE"},"content":{"rendered":"<p>Der TTE-Typ ist als Kolbendichtung geeignet. Wie alle Dichtungen aus Polyurethan \u201cTECNOLAN\u201d, z\u00e4hlt sie ein erh\u00f6htes elastisches Modul, eine niedrige Deformation und eine gute Abriebfestigkeit zu ihren Eigenschaften. Ihr besonderes asymmetrisches Profil garantiert eine optimale Dichtigkeit und Zuverl\u00e4ssigkeit. W\u00e4hrend die innere Lippe die Funktion einer statischen Dichtung innehat, garantiert die \u00e4u\u00dfere, die niedriger und dicker ist, die dynamische Dichtigkeit.<\/p>\n","protected":false},"excerpt":{"rendered":"<p>Der TTE-Typ ist als Kolbendichtung geeignet. Wie alle Dichtungen aus Polyurethan \u201cTECNOLAN\u201d, z\u00e4hlt sie ein erh\u00f6htes elastisches Modul, eine niedrige Deformation und eine gute Abriebfestigkeit zu ihren Eigenschaften. Ihr besonderes asymmetrisches Profil garantiert eine optimale Dichtigkeit und Zuverl\u00e4ssigkeit. W\u00e4hrend die innere Lippe die Funktion einer statischen Dichtung innehat, garantiert die \u00e4u\u00dfere, die niedriger und dicker ist, die dynamische Dichtigkeit.<\/p>\n","protected":false},"featured_media":0,"template":"","product_brand":[],"product_cat":[621],"product_tag":[],"class_list":{"0":"post-41724","1":"product","2":"type-product","3":"status-publish","5":"product_cat-kolbendichtungen","6":"odd","8":"first","9":"instock","10":"shipping-taxable","11":"product-type-simple"},"_links":{"self":[{"href":"https:\/\/contarini.net\/de\/wp-json\/wp\/v2\/product\/41724","targetHints":{"allow":["GET"]}}],"collection":[{"href":"https:\/\/contarini.net\/de\/wp-json\/wp\/v2\/product"}],"about":[{"href":"https:\/\/contarini.net\/de\/wp-json\/wp\/v2\/types\/product"}],"wp:attachment":[{"href":"https:\/\/contarini.net\/de\/wp-json\/wp\/v2\/media?parent=41724"}],"wp:term":[{"taxonomy":"product_brand","embeddable":true,"href":"https:\/\/contarini.net\/de\/wp-json\/wp\/v2\/product_brand?post=41724"},{"taxonomy":"product_cat","embeddable":true,"href":"https:\/\/contarini.net\/de\/wp-json\/wp\/v2\/product_cat?post=41724"},{"taxonomy":"product_tag","embeddable":true,"href":"https:\/\/contarini.net\/de\/wp-json\/wp\/v2\/product_tag?post=41724"}],"curies":[{"name":"wp","href":"https:\/\/api.w.org\/{rel}","templated":true}]}}