{"id":41721,"date":"2016-09-06T17:26:05","date_gmt":"2016-09-06T15:26:05","guid":{"rendered":"https:\/\/contarini.net\/de\/produkt\/ttu-de\/"},"modified":"2016-09-06T17:26:06","modified_gmt":"2016-09-06T15:26:06","slug":"ttu-de","status":"publish","type":"product","link":"https:\/\/contarini.net\/de\/produkt\/ttu-de\/","title":{"rendered":"KOLBENDICHTUNGEN TYP TTU"},"content":{"rendered":"<p>Die TTU ist geeignet f\u00fcr die Dichtigkeit sowohl auf der Kolbenstange als auch auf dem Kolben; wie alle Dichtungen aus Polyurethan \u201cTECNOLAN\u201d, z\u00e4hlt sie ein erh\u00f6htes elastisches Modul, eine niedrige Deformation und eine gute Abriebfestigkeit zu ihren Eigenschaften, w\u00e4hrend sie wegen ihres besonderen symmetrischen Profils f\u00fcr die Verwendung in Niedergeschwindigkeits-Zylindern empfohlen wird.<\/p>\n","protected":false},"excerpt":{"rendered":"<p>Die TTU ist geeignet f\u00fcr die Dichtigkeit sowohl auf der Kolbenstange als auch auf dem Kolben; wie alle Dichtungen aus Polyurethan \u201cTECNOLAN\u201d, z\u00e4hlt sie ein erh\u00f6htes elastisches Modul, eine niedrige Deformation und eine gute Abriebfestigkeit zu ihren Eigenschaften, w\u00e4hrend sie wegen ihres besonderen symmetrischen Profils f\u00fcr die Verwendung in Niedergeschwindigkeits-Zylindern empfohlen wird.<\/p>\n","protected":false},"featured_media":0,"template":"","product_brand":[],"product_cat":[621],"product_tag":[],"class_list":{"0":"post-41721","1":"product","2":"type-product","3":"status-publish","5":"product_cat-kolbendichtungen","6":"odd","8":"first","9":"instock","10":"shipping-taxable","11":"product-type-simple"},"_links":{"self":[{"href":"https:\/\/contarini.net\/de\/wp-json\/wp\/v2\/product\/41721","targetHints":{"allow":["GET"]}}],"collection":[{"href":"https:\/\/contarini.net\/de\/wp-json\/wp\/v2\/product"}],"about":[{"href":"https:\/\/contarini.net\/de\/wp-json\/wp\/v2\/types\/product"}],"wp:attachment":[{"href":"https:\/\/contarini.net\/de\/wp-json\/wp\/v2\/media?parent=41721"}],"wp:term":[{"taxonomy":"product_brand","embeddable":true,"href":"https:\/\/contarini.net\/de\/wp-json\/wp\/v2\/product_brand?post=41721"},{"taxonomy":"product_cat","embeddable":true,"href":"https:\/\/contarini.net\/de\/wp-json\/wp\/v2\/product_cat?post=41721"},{"taxonomy":"product_tag","embeddable":true,"href":"https:\/\/contarini.net\/de\/wp-json\/wp\/v2\/product_tag?post=41721"}],"curies":[{"name":"wp","href":"https:\/\/api.w.org\/{rel}","templated":true}]}}