{"id":41718,"date":"2016-09-06T17:25:53","date_gmt":"2016-09-06T15:25:53","guid":{"rendered":"https:\/\/contarini.net\/de\/produkt\/tru-de\/"},"modified":"2016-09-06T17:25:54","modified_gmt":"2016-09-06T15:25:54","slug":"tru-de","status":"publish","type":"product","link":"https:\/\/contarini.net\/de\/produkt\/tru-de\/","title":{"rendered":"KOLBENDICHTUNGEN TYP TRU"},"content":{"rendered":"<p>Die Dichtung TRU besteht aus Leinengummi und ist besonders geeignet f\u00fcr Kolben von doppelwirkenden Zylindern. Ihr besonderes Profil garantiert eine gute Dichtigkeit und Dauer, w\u00e4hrend sie durch ihre Robustheit f\u00fcr Zylinder mit nicht unbedingt perfekter Feinverarbeitung geeignet ist.<\/p>\n","protected":false},"excerpt":{"rendered":"<p>Die Dichtung TRU besteht aus Leinengummi und ist besonders geeignet f\u00fcr Kolben von doppelwirkenden Zylindern. Ihr besonderes Profil garantiert eine gute Dichtigkeit und Dauer, w\u00e4hrend sie durch ihre Robustheit f\u00fcr Zylinder mit nicht unbedingt perfekter Feinverarbeitung geeignet ist.<\/p>\n","protected":false},"featured_media":0,"template":"","product_brand":[],"product_cat":[621],"product_tag":[],"class_list":{"0":"post-41718","1":"product","2":"type-product","3":"status-publish","5":"product_cat-kolbendichtungen","6":"odd","8":"first","9":"instock","10":"shipping-taxable","11":"product-type-simple"},"_links":{"self":[{"href":"https:\/\/contarini.net\/de\/wp-json\/wp\/v2\/product\/41718","targetHints":{"allow":["GET"]}}],"collection":[{"href":"https:\/\/contarini.net\/de\/wp-json\/wp\/v2\/product"}],"about":[{"href":"https:\/\/contarini.net\/de\/wp-json\/wp\/v2\/types\/product"}],"wp:attachment":[{"href":"https:\/\/contarini.net\/de\/wp-json\/wp\/v2\/media?parent=41718"}],"wp:term":[{"taxonomy":"product_brand","embeddable":true,"href":"https:\/\/contarini.net\/de\/wp-json\/wp\/v2\/product_brand?post=41718"},{"taxonomy":"product_cat","embeddable":true,"href":"https:\/\/contarini.net\/de\/wp-json\/wp\/v2\/product_cat?post=41718"},{"taxonomy":"product_tag","embeddable":true,"href":"https:\/\/contarini.net\/de\/wp-json\/wp\/v2\/product_tag?post=41718"}],"curies":[{"name":"wp","href":"https:\/\/api.w.org\/{rel}","templated":true}]}}