{"id":41715,"date":"2016-09-06T17:25:52","date_gmt":"2016-09-06T15:25:52","guid":{"rendered":"https:\/\/contarini.net\/de\/produkt\/tgu-de\/"},"modified":"2016-09-06T17:25:52","modified_gmt":"2016-09-06T15:25:52","slug":"tgu-de","status":"publish","type":"product","link":"https:\/\/contarini.net\/de\/produkt\/tgu-de\/","title":{"rendered":"KOLBENDICHTUNGEN TYP TGU"},"content":{"rendered":"<p>Die Dichtung TGU wird f\u00fcr die Kolben von doppelwirkenden Hydraulikzylindern ausgef\u00fchrt. Sie besteht aus drei Elementen: Ein mittlerer Dichtungsteil aus elastischem gummiertem Gewebe, das mit Nitrilelastomer impr\u00e4gniert ist (Typ FUCA 77), ein Druckring aus NBR (oder in speziellen F\u00e4llen aus Thermoplastikharz) und ein St\u00fctzring aus Azetalharz POM. Durch ihr Profil und die verwendeten Materialien ist die Dichtung besonders geeignet f\u00fcr Zylinder von Maschinen, wo konstant mittlere Drucke und gute Gleitgeschwindigkeiten vorhanden sind und eine lange Betriebszeit erforderlich ist.<\/p>\n","protected":false},"excerpt":{"rendered":"<p>Die Dichtung TGU wird f\u00fcr die Kolben von doppelwirkenden Hydraulikzylindern ausgef\u00fchrt. Sie besteht aus drei Elementen: Ein mittlerer Dichtungsteil aus elastischem gummiertem Gewebe, das mit Nitrilelastomer impr\u00e4gniert ist (Typ FUCA 77), ein Druckring aus NBR (oder in speziellen F\u00e4llen aus Thermoplastikharz) und ein St\u00fctzring aus Azetalharz POM. Durch ihr Profil und die verwendeten Materialien ist die Dichtung besonders geeignet f\u00fcr [&hellip;]<\/p>\n","protected":false},"featured_media":0,"template":"","product_brand":[],"product_cat":[621],"product_tag":[],"class_list":{"0":"post-41715","1":"product","2":"type-product","3":"status-publish","5":"product_cat-kolbendichtungen","6":"odd","8":"first","9":"instock","10":"shipping-taxable","11":"product-type-simple"},"_links":{"self":[{"href":"https:\/\/contarini.net\/de\/wp-json\/wp\/v2\/product\/41715","targetHints":{"allow":["GET"]}}],"collection":[{"href":"https:\/\/contarini.net\/de\/wp-json\/wp\/v2\/product"}],"about":[{"href":"https:\/\/contarini.net\/de\/wp-json\/wp\/v2\/types\/product"}],"wp:attachment":[{"href":"https:\/\/contarini.net\/de\/wp-json\/wp\/v2\/media?parent=41715"}],"wp:term":[{"taxonomy":"product_brand","embeddable":true,"href":"https:\/\/contarini.net\/de\/wp-json\/wp\/v2\/product_brand?post=41715"},{"taxonomy":"product_cat","embeddable":true,"href":"https:\/\/contarini.net\/de\/wp-json\/wp\/v2\/product_cat?post=41715"},{"taxonomy":"product_tag","embeddable":true,"href":"https:\/\/contarini.net\/de\/wp-json\/wp\/v2\/product_tag?post=41715"}],"curies":[{"name":"wp","href":"https:\/\/api.w.org\/{rel}","templated":true}]}}