{"id":41712,"date":"2016-09-06T17:25:50","date_gmt":"2016-09-06T15:25:50","guid":{"rendered":"https:\/\/contarini.net\/de\/produkt\/pdp-de\/"},"modified":"2016-09-06T17:25:51","modified_gmt":"2016-09-06T15:25:51","slug":"pdp-de","status":"publish","type":"product","link":"https:\/\/contarini.net\/de\/produkt\/pdp-de\/","title":{"rendered":"KOLBENDICHTUNGEN TYP PDP"},"content":{"rendered":"<p>Die Dichtungen PDH und PDP, aus neuer Produktion, sind dank ihrer Eigenschaften eine optimale Alternative zu den normalen, bis jetzt verwendeten Kolbendichtungen. Sie wurden in zwei gleich gro\u00dfen Versionen ausgef\u00fchrt, je nach Anwendungsart, unterschiedlichen Drucken, Reibungsgeschwindigkeit. Der PDH-Typ wird normaler Weise auf Zylinderkolben verwendet, wo eine optimale Dichtigkeit mit einer minimalen Gleitreibung erforderlich ist; das Dichtungselement aus gef\u00fclltem PTFE macht diesen Typ besonders geeignet f\u00fcr Maschinen zur Erdbewegung bei Vorhandensein hoher Drucke und Geschwindigkeiten. Der PDP-Typ ist wirtschaftlicher und besonders geeignet f\u00fcr Zylinder von landwirtschaftlichen Maschinen bei Vorhandensein m\u00e4\u00dfiger Drucke und Geschwindigkeiten.<\/p>\n","protected":false},"excerpt":{"rendered":"<p>Die Dichtungen PDH und PDP, aus neuer Produktion, sind dank ihrer Eigenschaften eine optimale Alternative zu den normalen, bis jetzt verwendeten Kolbendichtungen. Sie wurden in zwei gleich gro\u00dfen Versionen ausgef\u00fchrt, je nach Anwendungsart, unterschiedlichen Drucken, Reibungsgeschwindigkeit. Der PDH-Typ wird normaler Weise auf Zylinderkolben verwendet, wo eine optimale Dichtigkeit mit einer minimalen Gleitreibung erforderlich ist; das Dichtungselement aus gef\u00fclltem PTFE macht [&hellip;]<\/p>\n","protected":false},"featured_media":0,"template":"","product_brand":[],"product_cat":[621],"product_tag":[],"class_list":{"0":"post-41712","1":"product","2":"type-product","3":"status-publish","5":"product_cat-kolbendichtungen","6":"odd","8":"first","9":"instock","10":"shipping-taxable","11":"product-type-simple"},"_links":{"self":[{"href":"https:\/\/contarini.net\/de\/wp-json\/wp\/v2\/product\/41712","targetHints":{"allow":["GET"]}}],"collection":[{"href":"https:\/\/contarini.net\/de\/wp-json\/wp\/v2\/product"}],"about":[{"href":"https:\/\/contarini.net\/de\/wp-json\/wp\/v2\/types\/product"}],"wp:attachment":[{"href":"https:\/\/contarini.net\/de\/wp-json\/wp\/v2\/media?parent=41712"}],"wp:term":[{"taxonomy":"product_brand","embeddable":true,"href":"https:\/\/contarini.net\/de\/wp-json\/wp\/v2\/product_brand?post=41712"},{"taxonomy":"product_cat","embeddable":true,"href":"https:\/\/contarini.net\/de\/wp-json\/wp\/v2\/product_cat?post=41712"},{"taxonomy":"product_tag","embeddable":true,"href":"https:\/\/contarini.net\/de\/wp-json\/wp\/v2\/product_tag?post=41712"}],"curies":[{"name":"wp","href":"https:\/\/api.w.org\/{rel}","templated":true}]}}