{"id":41703,"date":"2016-09-06T17:25:44","date_gmt":"2016-09-06T15:25:44","guid":{"rendered":"https:\/\/contarini.net\/de\/produkt\/tde-de\/"},"modified":"2016-09-06T17:25:45","modified_gmt":"2016-09-06T15:25:45","slug":"tde-de","status":"publish","type":"product","link":"https:\/\/contarini.net\/de\/produkt\/tde-de\/","title":{"rendered":"KOLBENDICHTUNGEN TYP TDE"},"content":{"rendered":"<p>Die TDE ist eine Dichtung, die erzeugt wird, um auf zweiteiligen Kolben eingesetzt zu werden. Der mittlere Teil besteht aus Baumwolle + NBR, um hohen Bruchlasten standzuhalten, wodurch die Dichtung widerstandsf\u00e4hig gegen Abschaben und Verschlei\u00df durch Teile in Kontakt wird; die F\u00fchrungsringe sind aus Azetalharz ausgef\u00fchrt, um der eventuellen Flie\u00dfpresskraft bei Vorhandensein von hohen Drucken standzuhalten.<\/p>\n","protected":false},"excerpt":{"rendered":"<p>Die TDE ist eine Dichtung, die erzeugt wird, um auf zweiteiligen Kolben eingesetzt zu werden. Der mittlere Teil besteht aus Baumwolle + NBR, um hohen Bruchlasten standzuhalten, wodurch die Dichtung widerstandsf\u00e4hig gegen Abschaben und Verschlei\u00df durch Teile in Kontakt wird; die F\u00fchrungsringe sind aus Azetalharz ausgef\u00fchrt, um der eventuellen Flie\u00dfpresskraft bei Vorhandensein von hohen Drucken standzuhalten.<\/p>\n","protected":false},"featured_media":0,"template":"","product_brand":[],"product_cat":[621],"product_tag":[],"class_list":{"0":"post-41703","1":"product","2":"type-product","3":"status-publish","5":"product_cat-kolbendichtungen","6":"odd","8":"first","9":"instock","10":"shipping-taxable","11":"product-type-simple"},"_links":{"self":[{"href":"https:\/\/contarini.net\/de\/wp-json\/wp\/v2\/product\/41703","targetHints":{"allow":["GET"]}}],"collection":[{"href":"https:\/\/contarini.net\/de\/wp-json\/wp\/v2\/product"}],"about":[{"href":"https:\/\/contarini.net\/de\/wp-json\/wp\/v2\/types\/product"}],"wp:attachment":[{"href":"https:\/\/contarini.net\/de\/wp-json\/wp\/v2\/media?parent=41703"}],"wp:term":[{"taxonomy":"product_brand","embeddable":true,"href":"https:\/\/contarini.net\/de\/wp-json\/wp\/v2\/product_brand?post=41703"},{"taxonomy":"product_cat","embeddable":true,"href":"https:\/\/contarini.net\/de\/wp-json\/wp\/v2\/product_cat?post=41703"},{"taxonomy":"product_tag","embeddable":true,"href":"https:\/\/contarini.net\/de\/wp-json\/wp\/v2\/product_tag?post=41703"}],"curies":[{"name":"wp","href":"https:\/\/api.w.org\/{rel}","templated":true}]}}