{"id":41658,"date":"2016-09-06T17:25:17","date_gmt":"2016-09-06T15:25:17","guid":{"rendered":"https:\/\/contarini.net\/de\/produkt\/rv420-de\/"},"modified":"2016-09-06T17:25:18","modified_gmt":"2016-09-06T15:25:18","slug":"rv420-de","status":"publish","type":"product","link":"https:\/\/contarini.net\/de\/produkt\/rv420-de\/","title":{"rendered":"STOPFEN MIT \u00dcBERWURFMUTTER- TYP RV420"},"content":{"rendered":"<p>Die Adapter der Serie RV erm\u00f6glichen die Ausf\u00fchrung der Verbindungen zwischen den verschiedenen Elementen einer Hydraulikanlage.<\/p>\n","protected":false},"excerpt":{"rendered":"<p>Die Adapter der Serie RV erm\u00f6glichen die Ausf\u00fchrung der Verbindungen zwischen den verschiedenen Elementen einer Hydraulikanlage.<\/p>\n","protected":false},"featured_media":0,"template":"","product_brand":[],"product_cat":[618],"product_tag":[],"class_list":{"0":"post-41658","1":"product","2":"type-product","3":"status-publish","5":"product_cat-adapter-jic-und-orfs","6":"odd","8":"first","9":"instock","10":"shipping-taxable","11":"product-type-simple"},"_links":{"self":[{"href":"https:\/\/contarini.net\/de\/wp-json\/wp\/v2\/product\/41658","targetHints":{"allow":["GET"]}}],"collection":[{"href":"https:\/\/contarini.net\/de\/wp-json\/wp\/v2\/product"}],"about":[{"href":"https:\/\/contarini.net\/de\/wp-json\/wp\/v2\/types\/product"}],"wp:attachment":[{"href":"https:\/\/contarini.net\/de\/wp-json\/wp\/v2\/media?parent=41658"}],"wp:term":[{"taxonomy":"product_brand","embeddable":true,"href":"https:\/\/contarini.net\/de\/wp-json\/wp\/v2\/product_brand?post=41658"},{"taxonomy":"product_cat","embeddable":true,"href":"https:\/\/contarini.net\/de\/wp-json\/wp\/v2\/product_cat?post=41658"},{"taxonomy":"product_tag","embeddable":true,"href":"https:\/\/contarini.net\/de\/wp-json\/wp\/v2\/product_tag?post=41658"}],"curies":[{"name":"wp","href":"https:\/\/api.w.org\/{rel}","templated":true}]}}