{"id":41451,"date":"2016-09-06T17:23:31","date_gmt":"2016-09-06T15:23:31","guid":{"rendered":"https:\/\/contarini.net\/de\/produkt\/tn101-de\/"},"modified":"2016-09-06T17:23:31","modified_gmt":"2016-09-06T15:23:31","slug":"tn101-de","status":"publish","type":"product","link":"https:\/\/contarini.net\/de\/produkt\/tn101-de\/","title":{"rendered":"KREUZ-VERSCHRAUBUNG TYP TN101"},"content":{"rendered":"<p>Die Rohrverschraubungen der Serie TN entsprechen der Spezifikation DIN 2353 und erm\u00f6glichen die \u00e4u\u00dferst einfache Realisierung von Hydraulikanlagen und den Anschluss von Hydraulikleitungen.<\/p>\n","protected":false},"excerpt":{"rendered":"<p>Die Rohrverschraubungen der Serie TN entsprechen der Spezifikation DIN 2353 und erm\u00f6glichen die \u00e4u\u00dferst einfache Realisierung von Hydraulikanlagen und den Anschluss von Hydraulikleitungen.<\/p>\n","protected":false},"featured_media":0,"template":"","product_brand":[],"product_cat":[612],"product_tag":[],"class_list":{"0":"post-41451","1":"product","2":"type-product","3":"status-publish","5":"product_cat-rohrverschraubungen-nach-din-2353","6":"odd","8":"first","9":"instock","10":"shipping-taxable","11":"product-type-simple"},"_links":{"self":[{"href":"https:\/\/contarini.net\/de\/wp-json\/wp\/v2\/product\/41451","targetHints":{"allow":["GET"]}}],"collection":[{"href":"https:\/\/contarini.net\/de\/wp-json\/wp\/v2\/product"}],"about":[{"href":"https:\/\/contarini.net\/de\/wp-json\/wp\/v2\/types\/product"}],"wp:attachment":[{"href":"https:\/\/contarini.net\/de\/wp-json\/wp\/v2\/media?parent=41451"}],"wp:term":[{"taxonomy":"product_brand","embeddable":true,"href":"https:\/\/contarini.net\/de\/wp-json\/wp\/v2\/product_brand?post=41451"},{"taxonomy":"product_cat","embeddable":true,"href":"https:\/\/contarini.net\/de\/wp-json\/wp\/v2\/product_cat?post=41451"},{"taxonomy":"product_tag","embeddable":true,"href":"https:\/\/contarini.net\/de\/wp-json\/wp\/v2\/product_tag?post=41451"}],"curies":[{"name":"wp","href":"https:\/\/api.w.org\/{rel}","templated":true}]}}