{"id":41439,"date":"2016-09-06T17:23:26","date_gmt":"2016-09-06T15:23:26","guid":{"rendered":"https:\/\/contarini.net\/de\/produkt\/tn127-de\/"},"modified":"2016-09-06T17:23:27","modified_gmt":"2016-09-06T15:23:27","slug":"tn127-de","status":"publish","type":"product","link":"https:\/\/contarini.net\/de\/produkt\/tn127-de\/","title":{"rendered":"&#8222;L&#8220; EINSCHRAUBVERSCHRAUBUNGTYP TN127"},"content":{"rendered":"<p>Die Rohrverschraubungen der Serie TN entsprechen der Spezifikation DIN 2353 und erm\u00f6glichen die \u00e4u\u00dferst einfache Realisierung von Hydraulikanlagen und den Anschluss von Hydraulikleitungen.<\/p>\n","protected":false},"excerpt":{"rendered":"<p>Die Rohrverschraubungen der Serie TN entsprechen der Spezifikation DIN 2353 und erm\u00f6glichen die \u00e4u\u00dferst einfache Realisierung von Hydraulikanlagen und den Anschluss von Hydraulikleitungen.<\/p>\n","protected":false},"featured_media":0,"template":"","product_brand":[],"product_cat":[612],"product_tag":[],"class_list":{"0":"post-41439","1":"product","2":"type-product","3":"status-publish","5":"product_cat-rohrverschraubungen-nach-din-2353","6":"odd","8":"first","9":"instock","10":"shipping-taxable","11":"product-type-simple"},"_links":{"self":[{"href":"https:\/\/contarini.net\/de\/wp-json\/wp\/v2\/product\/41439","targetHints":{"allow":["GET"]}}],"collection":[{"href":"https:\/\/contarini.net\/de\/wp-json\/wp\/v2\/product"}],"about":[{"href":"https:\/\/contarini.net\/de\/wp-json\/wp\/v2\/types\/product"}],"wp:attachment":[{"href":"https:\/\/contarini.net\/de\/wp-json\/wp\/v2\/media?parent=41439"}],"wp:term":[{"taxonomy":"product_brand","embeddable":true,"href":"https:\/\/contarini.net\/de\/wp-json\/wp\/v2\/product_brand?post=41439"},{"taxonomy":"product_cat","embeddable":true,"href":"https:\/\/contarini.net\/de\/wp-json\/wp\/v2\/product_cat?post=41439"},{"taxonomy":"product_tag","embeddable":true,"href":"https:\/\/contarini.net\/de\/wp-json\/wp\/v2\/product_tag?post=41439"}],"curies":[{"name":"wp","href":"https:\/\/api.w.org\/{rel}","templated":true}]}}