{"id":41259,"date":"2016-09-06T17:21:39","date_gmt":"2016-09-06T15:21:39","guid":{"rendered":"https:\/\/contarini.net\/de\/produkt\/rpglk-de\/"},"modified":"2016-09-06T17:21:39","modified_gmt":"2016-09-06T15:21:39","slug":"rpglk-de","status":"publish","type":"product","link":"https:\/\/contarini.net\/de\/produkt\/rpglk-de\/","title":{"rendered":"PRESSFASSUNGEN INTER-LOCK TYP RPGLK EXCEED EN 856 4SH"},"content":{"rendered":"<p>DieINTERLOCK-Pressfassung der Serie RPGLK ist f\u00fcr Hydraulikschl\u00e4uche geeignet, welche die Norm DIN 20023-4SH &#8211; EN 856-4SH (Sch\u00e4lausf\u00fchrung) erf\u00fcllen. Sie ist aus verzinktem Stahl gefertigt und dient dem Anziehen von Pressverbindungen an Schl\u00e4uchen.<\/p>\n","protected":false},"excerpt":{"rendered":"<p>DieINTERLOCK-Pressfassung der Serie RPGLK ist f\u00fcr Hydraulikschl\u00e4uche geeignet, welche die Norm DIN 20023-4SH &#8211; EN 856-4SH (Sch\u00e4lausf\u00fchrung) erf\u00fcllen. Sie ist aus verzinktem Stahl gefertigt und dient dem Anziehen von Pressverbindungen an Schl\u00e4uchen.<\/p>\n","protected":false},"featured_media":0,"template":"","product_brand":[],"product_cat":[606],"product_tag":[],"class_list":{"0":"post-41259","1":"product","2":"type-product","3":"status-publish","5":"product_cat-pressfassungen","6":"odd","8":"first","9":"instock","10":"shipping-taxable","11":"product-type-simple"},"_links":{"self":[{"href":"https:\/\/contarini.net\/de\/wp-json\/wp\/v2\/product\/41259","targetHints":{"allow":["GET"]}}],"collection":[{"href":"https:\/\/contarini.net\/de\/wp-json\/wp\/v2\/product"}],"about":[{"href":"https:\/\/contarini.net\/de\/wp-json\/wp\/v2\/types\/product"}],"wp:attachment":[{"href":"https:\/\/contarini.net\/de\/wp-json\/wp\/v2\/media?parent=41259"}],"wp:term":[{"taxonomy":"product_brand","embeddable":true,"href":"https:\/\/contarini.net\/de\/wp-json\/wp\/v2\/product_brand?post=41259"},{"taxonomy":"product_cat","embeddable":true,"href":"https:\/\/contarini.net\/de\/wp-json\/wp\/v2\/product_cat?post=41259"},{"taxonomy":"product_tag","embeddable":true,"href":"https:\/\/contarini.net\/de\/wp-json\/wp\/v2\/product_tag?post=41259"}],"curies":[{"name":"wp","href":"https:\/\/api.w.org\/{rel}","templated":true}]}}