{"id":41256,"date":"2016-09-06T17:21:37","date_gmt":"2016-09-06T15:21:37","guid":{"rendered":"https:\/\/contarini.net\/de\/produkt\/rpg5-de\/"},"modified":"2016-09-06T17:21:38","modified_gmt":"2016-09-06T15:21:38","slug":"rpg5-de","status":"publish","type":"product","link":"https:\/\/contarini.net\/de\/produkt\/rpg5-de\/","title":{"rendered":"PRESSFASSUNGEN RPG5"},"content":{"rendered":"<p>Die Pressfassung der Serie RPG5 ist f\u00fcr Hydraulikschl\u00e4uche geeignet, welche die Norm DIN 20023-4SH &#8211; EN 856-4SH (Sch\u00e4lausf\u00fchrung) erf\u00fcllen. Sie ist aus verzinktem Stahl gefertigt und dient dem Anziehen von Pressverbindungen an Schl\u00e4uchen.<\/p>\n","protected":false},"excerpt":{"rendered":"<p>Die Pressfassung der Serie RPG5 ist f\u00fcr Hydraulikschl\u00e4uche geeignet, welche die Norm DIN 20023-4SH &#8211; EN 856-4SH (Sch\u00e4lausf\u00fchrung) erf\u00fcllen. Sie ist aus verzinktem Stahl gefertigt und dient dem Anziehen von Pressverbindungen an Schl\u00e4uchen.<\/p>\n","protected":false},"featured_media":0,"template":"","product_brand":[],"product_cat":[606],"product_tag":[],"class_list":{"0":"post-41256","1":"product","2":"type-product","3":"status-publish","5":"product_cat-pressfassungen","6":"odd","8":"first","9":"instock","10":"shipping-taxable","11":"product-type-simple"},"_links":{"self":[{"href":"https:\/\/contarini.net\/de\/wp-json\/wp\/v2\/product\/41256","targetHints":{"allow":["GET"]}}],"collection":[{"href":"https:\/\/contarini.net\/de\/wp-json\/wp\/v2\/product"}],"about":[{"href":"https:\/\/contarini.net\/de\/wp-json\/wp\/v2\/types\/product"}],"wp:attachment":[{"href":"https:\/\/contarini.net\/de\/wp-json\/wp\/v2\/media?parent=41256"}],"wp:term":[{"taxonomy":"product_brand","embeddable":true,"href":"https:\/\/contarini.net\/de\/wp-json\/wp\/v2\/product_brand?post=41256"},{"taxonomy":"product_cat","embeddable":true,"href":"https:\/\/contarini.net\/de\/wp-json\/wp\/v2\/product_cat?post=41256"},{"taxonomy":"product_tag","embeddable":true,"href":"https:\/\/contarini.net\/de\/wp-json\/wp\/v2\/product_tag?post=41256"}],"curies":[{"name":"wp","href":"https:\/\/api.w.org\/{rel}","templated":true}]}}