{"id":41244,"date":"2016-09-06T17:21:32","date_gmt":"2016-09-06T15:21:32","guid":{"rendered":"https:\/\/contarini.net\/de\/produkt\/0001-c-de\/"},"modified":"2016-09-06T17:21:32","modified_gmt":"2016-09-06T15:21:32","slug":"0001-c-de","status":"publish","type":"product","link":"https:\/\/contarini.net\/de\/produkt\/0001-c-de\/","title":{"rendered":"PRESSFASSUNGEN TYP 0001-C"},"content":{"rendered":"<p>Die Pressfassung der Serie 001-C (Nichtsch\u00e4lausf\u00fchrung) ist f\u00fcr die nachstehenden Hydraulikschl\u00e4uche geeignet, welche die folgenden Normen erf\u00fcllen: SAE 100R1AT &#8211; EN 853-1SN,  EN 857-1SC (Mit Ausnahme der Gr\u00f6\u00dfe 3\/16&#8243;), EN 857-2SC.  Sie ist aus verzinktem Stahl gefertigt und dient dem Anziehen von Pressverbindungen an Schl\u00e4uchen.<\/p>\n","protected":false},"excerpt":{"rendered":"<p>Die Pressfassung der Serie 001-C (Nichtsch\u00e4lausf\u00fchrung) ist f\u00fcr die nachstehenden Hydraulikschl\u00e4uche geeignet, welche die folgenden Normen erf\u00fcllen: SAE 100R1AT &#8211; EN 853-1SN, EN 857-1SC (Mit Ausnahme der Gr\u00f6\u00dfe 3\/16&#8243;), EN 857-2SC. Sie ist aus verzinktem Stahl gefertigt und dient dem Anziehen von Pressverbindungen an Schl\u00e4uchen.<\/p>\n","protected":false},"featured_media":0,"template":"","product_brand":[],"product_cat":[606],"product_tag":[],"class_list":{"0":"post-41244","1":"product","2":"type-product","3":"status-publish","5":"product_cat-pressfassungen","6":"odd","8":"first","9":"instock","10":"shipping-taxable","11":"product-type-simple"},"_links":{"self":[{"href":"https:\/\/contarini.net\/de\/wp-json\/wp\/v2\/product\/41244","targetHints":{"allow":["GET"]}}],"collection":[{"href":"https:\/\/contarini.net\/de\/wp-json\/wp\/v2\/product"}],"about":[{"href":"https:\/\/contarini.net\/de\/wp-json\/wp\/v2\/types\/product"}],"wp:attachment":[{"href":"https:\/\/contarini.net\/de\/wp-json\/wp\/v2\/media?parent=41244"}],"wp:term":[{"taxonomy":"product_brand","embeddable":true,"href":"https:\/\/contarini.net\/de\/wp-json\/wp\/v2\/product_brand?post=41244"},{"taxonomy":"product_cat","embeddable":true,"href":"https:\/\/contarini.net\/de\/wp-json\/wp\/v2\/product_cat?post=41244"},{"taxonomy":"product_tag","embeddable":true,"href":"https:\/\/contarini.net\/de\/wp-json\/wp\/v2\/product_tag?post=41244"}],"curies":[{"name":"wp","href":"https:\/\/api.w.org\/{rel}","templated":true}]}}