{"id":41241,"date":"2016-09-06T17:21:30","date_gmt":"2016-09-06T15:21:30","guid":{"rendered":"https:\/\/contarini.net\/de\/produkt\/gt-de\/"},"modified":"2016-09-06T17:21:30","modified_gmt":"2016-09-06T15:21:30","slug":"gt-de","status":"publish","type":"product","link":"https:\/\/contarini.net\/de\/produkt\/gt-de\/","title":{"rendered":"SCHUTZGEWEBEH\u00dcLLE TYP GT"},"content":{"rendered":"<p>Die Schutzh\u00fclle aus Textilgewebe der Serie GT gew\u00e4hrleistet eine gute Resistenz gegen\u00fcber Reibung und UV-Strahlen. Zudem bietet er einen eingeschr\u00e4nkten Berstschutz. Die Spirale sch\u00fctzt die Schl\u00e4uche vor Abnutzung durch Reibung.<\/p>\n","protected":false},"excerpt":{"rendered":"<p>Die Schutzh\u00fclle aus Textilgewebe der Serie GT gew\u00e4hrleistet eine gute Resistenz gegen\u00fcber Reibung und UV-Strahlen. Zudem bietet er einen eingeschr\u00e4nkten Berstschutz. Die Spirale sch\u00fctzt die Schl\u00e4uche vor Abnutzung durch Reibung.<\/p>\n","protected":false},"featured_media":0,"template":"","product_brand":[],"product_cat":[603],"product_tag":[],"class_list":{"0":"post-41241","1":"product","2":"type-product","3":"status-publish","5":"product_cat-hydraulikschlaeuche","6":"odd","8":"first","9":"instock","10":"shipping-taxable","11":"product-type-simple"},"_links":{"self":[{"href":"https:\/\/contarini.net\/de\/wp-json\/wp\/v2\/product\/41241","targetHints":{"allow":["GET"]}}],"collection":[{"href":"https:\/\/contarini.net\/de\/wp-json\/wp\/v2\/product"}],"about":[{"href":"https:\/\/contarini.net\/de\/wp-json\/wp\/v2\/types\/product"}],"wp:attachment":[{"href":"https:\/\/contarini.net\/de\/wp-json\/wp\/v2\/media?parent=41241"}],"wp:term":[{"taxonomy":"product_brand","embeddable":true,"href":"https:\/\/contarini.net\/de\/wp-json\/wp\/v2\/product_brand?post=41241"},{"taxonomy":"product_cat","embeddable":true,"href":"https:\/\/contarini.net\/de\/wp-json\/wp\/v2\/product_cat?post=41241"},{"taxonomy":"product_tag","embeddable":true,"href":"https:\/\/contarini.net\/de\/wp-json\/wp\/v2\/product_tag?post=41241"}],"curies":[{"name":"wp","href":"https:\/\/api.w.org\/{rel}","templated":true}]}}