{"id":41238,"date":"2016-09-06T17:21:28","date_gmt":"2016-09-06T15:21:28","guid":{"rendered":"https:\/\/contarini.net\/de\/produkt\/gs-de\/"},"modified":"2016-09-06T17:21:29","modified_gmt":"2016-09-06T15:21:29","slug":"gs-de","status":"publish","type":"product","link":"https:\/\/contarini.net\/de\/produkt\/gs-de\/","title":{"rendered":"SCHUTZSPIRALE TYP GS"},"content":{"rendered":"<p>Die flache Schutzspirale der Serie GS ist aus Polyethylen gefertigt und bietet ein gute Resistenz gegen\u00fcber Reibung und UV-Strahlen. Die Spirale sch\u00fctzt die Schl\u00e4uche vor Abnutzung durch Reibung.<\/p>\n","protected":false},"excerpt":{"rendered":"<p>Die flache Schutzspirale der Serie GS ist aus Polyethylen gefertigt und bietet ein gute Resistenz gegen\u00fcber Reibung und UV-Strahlen. Die Spirale sch\u00fctzt die Schl\u00e4uche vor Abnutzung durch Reibung.<\/p>\n","protected":false},"featured_media":0,"template":"","product_brand":[],"product_cat":[603],"product_tag":[],"class_list":{"0":"post-41238","1":"product","2":"type-product","3":"status-publish","5":"product_cat-hydraulikschlaeuche","6":"odd","8":"first","9":"instock","10":"shipping-taxable","11":"product-type-simple"},"_links":{"self":[{"href":"https:\/\/contarini.net\/de\/wp-json\/wp\/v2\/product\/41238","targetHints":{"allow":["GET"]}}],"collection":[{"href":"https:\/\/contarini.net\/de\/wp-json\/wp\/v2\/product"}],"about":[{"href":"https:\/\/contarini.net\/de\/wp-json\/wp\/v2\/types\/product"}],"wp:attachment":[{"href":"https:\/\/contarini.net\/de\/wp-json\/wp\/v2\/media?parent=41238"}],"wp:term":[{"taxonomy":"product_brand","embeddable":true,"href":"https:\/\/contarini.net\/de\/wp-json\/wp\/v2\/product_brand?post=41238"},{"taxonomy":"product_cat","embeddable":true,"href":"https:\/\/contarini.net\/de\/wp-json\/wp\/v2\/product_cat?post=41238"},{"taxonomy":"product_tag","embeddable":true,"href":"https:\/\/contarini.net\/de\/wp-json\/wp\/v2\/product_tag?post=41238"}],"curies":[{"name":"wp","href":"https:\/\/api.w.org\/{rel}","templated":true}]}}