{"id":41232,"date":"2016-09-06T17:21:25","date_gmt":"2016-09-06T15:21:25","guid":{"rendered":"https:\/\/contarini.net\/de\/produkt\/r4-de\/"},"modified":"2016-09-06T17:21:26","modified_gmt":"2016-09-06T15:21:26","slug":"r4-de","status":"publish","type":"product","link":"https:\/\/contarini.net\/de\/produkt\/r4-de\/","title":{"rendered":"HYDRAULIKSCHLAUCH SAE 100 R4 TYP R4"},"content":{"rendered":"<p>Der Gummi-Hydraulikschlauch gem\u00e4\u00df Spezifikation SAE 100 R4 findet verschiedenste Anwendungen, im Speziellen f\u00fcr das Ansaugen und den Auslass von Hydraulikfl\u00fcssigkeiten, Mineral\u00f6len und Treibstoffen.<\/p>\n","protected":false},"excerpt":{"rendered":"<p>Der Gummi-Hydraulikschlauch gem\u00e4\u00df Spezifikation SAE 100 R4 findet verschiedenste Anwendungen, im Speziellen f\u00fcr das Ansaugen und den Auslass von Hydraulikfl\u00fcssigkeiten, Mineral\u00f6len und Treibstoffen.<\/p>\n","protected":false},"featured_media":0,"template":"","product_brand":[],"product_cat":[603],"product_tag":[],"class_list":{"0":"post-41232","1":"product","2":"type-product","3":"status-publish","5":"product_cat-hydraulikschlaeuche","6":"odd","8":"first","9":"instock","10":"shipping-taxable","11":"product-type-simple"},"_links":{"self":[{"href":"https:\/\/contarini.net\/de\/wp-json\/wp\/v2\/product\/41232","targetHints":{"allow":["GET"]}}],"collection":[{"href":"https:\/\/contarini.net\/de\/wp-json\/wp\/v2\/product"}],"about":[{"href":"https:\/\/contarini.net\/de\/wp-json\/wp\/v2\/types\/product"}],"wp:attachment":[{"href":"https:\/\/contarini.net\/de\/wp-json\/wp\/v2\/media?parent=41232"}],"wp:term":[{"taxonomy":"product_brand","embeddable":true,"href":"https:\/\/contarini.net\/de\/wp-json\/wp\/v2\/product_brand?post=41232"},{"taxonomy":"product_cat","embeddable":true,"href":"https:\/\/contarini.net\/de\/wp-json\/wp\/v2\/product_cat?post=41232"},{"taxonomy":"product_tag","embeddable":true,"href":"https:\/\/contarini.net\/de\/wp-json\/wp\/v2\/product_tag?post=41232"}],"curies":[{"name":"wp","href":"https:\/\/api.w.org\/{rel}","templated":true}]}}