{"id":41229,"date":"2016-09-06T17:21:24","date_gmt":"2016-09-06T15:21:24","guid":{"rendered":"https:\/\/contarini.net\/de\/produkt\/r6-de\/"},"modified":"2016-09-06T17:21:24","modified_gmt":"2016-09-06T15:21:24","slug":"r6-de","status":"publish","type":"product","link":"https:\/\/contarini.net\/de\/produkt\/r6-de\/","title":{"rendered":"HYDRAULIKSCHLAUCH SAE 100 R6 TYP R6"},"content":{"rendered":"<p>Der normgerechte Schlauch nach SAE 100 R6 ist ein Hydraulikschlauch f\u00fcr geringe Dr\u00fccke und verf\u00fcgt \u00fcber eine Textilgewebeeinlage. Grundschicht: Schwarz, Synthetikgummi, \u00f6lbest\u00e4ndig. Mantel: Schwarz, Synthetikgummi, \u00f6l-, ozon, wasser- und witterungsbest\u00e4ndig.<br \/>\n  Verst\u00e4rkung: Eine hoch bruchsichere Textilgewebeschicht. Betriebstemperatur: Von -40 \u00b0C bis +100 \u00b0C bei Dauerbetrieb mit Spitzen von bis zu 125 \u00b0C (mit Hydraulikfluiden, synthetischen Fluiden und Erd\u00f6lderivaten). Von -40 \u00b0C bis 70 \u00b0C mit Hydraulikfluiden auf Wasserbasis<br \/>\n(Wasser\/Glykol- und Wasser\/\u00d6l-Emulsionen). Anwendungen: Hydrauliksysteme mit synthetischen, von Erd\u00f6l abgeleiteten Fluiden, Fluide auf Wasserbasis, Schmiermittel, Kohlenwasserstoffe, Brennstoffe. Er ist besonders f\u00fcr \u201ePush-on\u201c-Anwendungen geeignet und wird insbesondere f\u00fcr die Ansaugung und Abgabe von Hydraulikfl\u00fcssigkeiten, Mineral\u00f6len und Kraftstoffen eingesetzt.<\/p>\n","protected":false},"excerpt":{"rendered":"<p>Der normgerechte Schlauch nach SAE 100 R6 ist ein Hydraulikschlauch f\u00fcr geringe Dr\u00fccke und verf\u00fcgt \u00fcber eine Textilgewebeeinlage. Grundschicht: Schwarz, Synthetikgummi, \u00f6lbest\u00e4ndig. Mantel: Schwarz, Synthetikgummi, \u00f6l-, ozon, wasser- und witterungsbest\u00e4ndig. Verst\u00e4rkung: Eine hoch bruchsichere Textilgewebeschicht. Betriebstemperatur: Von -40 \u00b0C bis +100 \u00b0C bei Dauerbetrieb mit Spitzen von bis zu 125 \u00b0C (mit Hydraulikfluiden, synthetischen Fluiden und Erd\u00f6lderivaten). Von -40 \u00b0C [&hellip;]<\/p>\n","protected":false},"featured_media":0,"template":"","product_brand":[],"product_cat":[603],"product_tag":[],"class_list":{"0":"post-41229","1":"product","2":"type-product","3":"status-publish","5":"product_cat-hydraulikschlaeuche","6":"odd","8":"first","9":"instock","10":"shipping-taxable","11":"product-type-simple"},"_links":{"self":[{"href":"https:\/\/contarini.net\/de\/wp-json\/wp\/v2\/product\/41229","targetHints":{"allow":["GET"]}}],"collection":[{"href":"https:\/\/contarini.net\/de\/wp-json\/wp\/v2\/product"}],"about":[{"href":"https:\/\/contarini.net\/de\/wp-json\/wp\/v2\/types\/product"}],"wp:attachment":[{"href":"https:\/\/contarini.net\/de\/wp-json\/wp\/v2\/media?parent=41229"}],"wp:term":[{"taxonomy":"product_brand","embeddable":true,"href":"https:\/\/contarini.net\/de\/wp-json\/wp\/v2\/product_brand?post=41229"},{"taxonomy":"product_cat","embeddable":true,"href":"https:\/\/contarini.net\/de\/wp-json\/wp\/v2\/product_cat?post=41229"},{"taxonomy":"product_tag","embeddable":true,"href":"https:\/\/contarini.net\/de\/wp-json\/wp\/v2\/product_tag?post=41229"}],"curies":[{"name":"wp","href":"https:\/\/api.w.org\/{rel}","templated":true}]}}