{"id":41226,"date":"2016-09-06T17:21:22","date_gmt":"2016-09-06T15:21:22","guid":{"rendered":"https:\/\/contarini.net\/de\/produkt\/r8-de\/"},"modified":"2016-09-06T17:21:23","modified_gmt":"2016-09-06T15:21:23","slug":"r8-de","status":"publish","type":"product","link":"https:\/\/contarini.net\/de\/produkt\/r8-de\/","title":{"rendered":"HYDRAULIKSCHLAUCH SAE 100 R8 &#8211; THERMOPLASTISCH TYP R8"},"content":{"rendered":"<p>Der normgerechte, hoch bruchfeste, thermoplastische Schlauch mit zwei Gewebelagen nach SAE 100 R8 wird in der Hydraulik weitl\u00e4ufig eingesetzt. Er findet insbesondere in Gabelstaplern und Anwendungen Verwendung, bei denen der Schlauch auf Umlenkrollen l\u00e4uft. Der Schlauch verf\u00fcgt \u00fcber eine extrem kompaktes Profil.  Er h\u00e4lt mittelhohen Dr\u00fccken stand.<\/p>\n","protected":false},"excerpt":{"rendered":"<p>Der normgerechte, hoch bruchfeste, thermoplastische Schlauch mit zwei Gewebelagen nach SAE 100 R8 wird in der Hydraulik weitl\u00e4ufig eingesetzt. Er findet insbesondere in Gabelstaplern und Anwendungen Verwendung, bei denen der Schlauch auf Umlenkrollen l\u00e4uft. Der Schlauch verf\u00fcgt \u00fcber eine extrem kompaktes Profil. Er h\u00e4lt mittelhohen Dr\u00fccken stand.<\/p>\n","protected":false},"featured_media":0,"template":"","product_brand":[],"product_cat":[603],"product_tag":[],"class_list":{"0":"post-41226","1":"product","2":"type-product","3":"status-publish","5":"product_cat-hydraulikschlaeuche","6":"odd","8":"first","9":"instock","10":"shipping-taxable","11":"product-type-simple"},"_links":{"self":[{"href":"https:\/\/contarini.net\/de\/wp-json\/wp\/v2\/product\/41226","targetHints":{"allow":["GET"]}}],"collection":[{"href":"https:\/\/contarini.net\/de\/wp-json\/wp\/v2\/product"}],"about":[{"href":"https:\/\/contarini.net\/de\/wp-json\/wp\/v2\/types\/product"}],"wp:attachment":[{"href":"https:\/\/contarini.net\/de\/wp-json\/wp\/v2\/media?parent=41226"}],"wp:term":[{"taxonomy":"product_brand","embeddable":true,"href":"https:\/\/contarini.net\/de\/wp-json\/wp\/v2\/product_brand?post=41226"},{"taxonomy":"product_cat","embeddable":true,"href":"https:\/\/contarini.net\/de\/wp-json\/wp\/v2\/product_cat?post=41226"},{"taxonomy":"product_tag","embeddable":true,"href":"https:\/\/contarini.net\/de\/wp-json\/wp\/v2\/product_tag?post=41226"}],"curies":[{"name":"wp","href":"https:\/\/api.w.org\/{rel}","templated":true}]}}