{"id":41211,"date":"2016-09-06T17:21:16","date_gmt":"2016-09-06T15:21:16","guid":{"rendered":"https:\/\/contarini.net\/de\/produkt\/4sp-de\/"},"modified":"2016-09-06T17:21:16","modified_gmt":"2016-09-06T15:21:16","slug":"4sp-de","status":"publish","type":"product","link":"https:\/\/contarini.net\/de\/produkt\/4sp-de\/","title":{"rendered":"HYDRAULIKSCHLAUCH EN 856-4SP &#8211; ISO 3862-4SP TYP 4SP"},"content":{"rendered":"<p>Der Spiral-Hydraulikschlauch gem\u00e4\u00df Spezifikation EN 856-4SP &#8211; ISO 3862 4SP findet weitreichende Anwendung im Hydrauliksektor, f\u00fcr Drucke die von 150 bis 400 bar reichen. Bei der Montage der Anschl\u00fcsse ist es n\u00f6tig, ein \u201eSch\u00e4lverfahren\u201c durchzuf\u00fchren. F\u00fcr eine bessere Dichtigkeit ist die Verwendung von Multispiral-Anschl\u00fcssen empfehlenswert.<\/p>\n","protected":false},"excerpt":{"rendered":"<p>Der Spiral-Hydraulikschlauch gem\u00e4\u00df Spezifikation EN 856-4SP &#8211; ISO 3862 4SP findet weitreichende Anwendung im Hydrauliksektor, f\u00fcr Drucke die von 150 bis 400 bar reichen. Bei der Montage der Anschl\u00fcsse ist es n\u00f6tig, ein \u201eSch\u00e4lverfahren\u201c durchzuf\u00fchren. F\u00fcr eine bessere Dichtigkeit ist die Verwendung von Multispiral-Anschl\u00fcssen empfehlenswert.<\/p>\n","protected":false},"featured_media":0,"template":"","product_brand":[],"product_cat":[603],"product_tag":[],"class_list":{"0":"post-41211","1":"product","2":"type-product","3":"status-publish","5":"product_cat-hydraulikschlaeuche","6":"odd","8":"first","9":"instock","10":"shipping-taxable","11":"product-type-simple"},"_links":{"self":[{"href":"https:\/\/contarini.net\/de\/wp-json\/wp\/v2\/product\/41211","targetHints":{"allow":["GET"]}}],"collection":[{"href":"https:\/\/contarini.net\/de\/wp-json\/wp\/v2\/product"}],"about":[{"href":"https:\/\/contarini.net\/de\/wp-json\/wp\/v2\/types\/product"}],"wp:attachment":[{"href":"https:\/\/contarini.net\/de\/wp-json\/wp\/v2\/media?parent=41211"}],"wp:term":[{"taxonomy":"product_brand","embeddable":true,"href":"https:\/\/contarini.net\/de\/wp-json\/wp\/v2\/product_brand?post=41211"},{"taxonomy":"product_cat","embeddable":true,"href":"https:\/\/contarini.net\/de\/wp-json\/wp\/v2\/product_cat?post=41211"},{"taxonomy":"product_tag","embeddable":true,"href":"https:\/\/contarini.net\/de\/wp-json\/wp\/v2\/product_tag?post=41211"}],"curies":[{"name":"wp","href":"https:\/\/api.w.org\/{rel}","templated":true}]}}