{"id":41208,"date":"2016-09-06T17:21:14","date_gmt":"2016-09-06T15:21:14","guid":{"rendered":"https:\/\/contarini.net\/de\/produkt\/2sc-ll-de\/"},"modified":"2016-09-06T17:21:15","modified_gmt":"2016-09-06T15:21:15","slug":"2sc-ll-de","status":"publish","type":"product","link":"https:\/\/contarini.net\/de\/produkt\/2sc-ll-de\/","title":{"rendered":"HYDRAULIKSCHLAUCH LONG LIFE -EN 857-2SC TYP 2SC-LL"},"content":{"rendered":"<p>Der Gewebeschlauch LongLife\u00ae 2SC &#8211; HYPAC  1SC  EN857-1SC wird in gro\u00dfem Umfang in der Hydraulik f\u00fcr Dr\u00fccke von 185 bis 430 bar eingesetzt. Der Schlauch LongLife garantiert eine lange Nutzdauer und eine ausgezeichnete Qualit\u00e4t der verwendeten Materialien und einer hochwertige Verarbeitung. Bei der Montage der Anschl\u00fcsse ist kein \u201eAbsch\u00e4len\u201c erforderlich. Da sein Querschnitt im Vergleich zu Serie 2SN geringer ist, findet er vor allem dort Anwendung, wo der Platz begrenzt ist.<\/p>\n","protected":false},"excerpt":{"rendered":"<p>Der Gewebeschlauch LongLife\u00ae 2SC &#8211; HYPAC 1SC EN857-1SC wird in gro\u00dfem Umfang in der Hydraulik f\u00fcr Dr\u00fccke von 185 bis 430 bar eingesetzt. Der Schlauch LongLife garantiert eine lange Nutzdauer und eine ausgezeichnete Qualit\u00e4t der verwendeten Materialien und einer hochwertige Verarbeitung. Bei der Montage der Anschl\u00fcsse ist kein \u201eAbsch\u00e4len\u201c erforderlich. Da sein Querschnitt im Vergleich zu Serie 2SN geringer ist, [&hellip;]<\/p>\n","protected":false},"featured_media":0,"template":"","product_brand":[],"product_cat":[603],"product_tag":[],"class_list":{"0":"post-41208","1":"product","2":"type-product","3":"status-publish","5":"product_cat-hydraulikschlaeuche","6":"odd","8":"first","9":"instock","10":"shipping-taxable","11":"product-type-simple"},"_links":{"self":[{"href":"https:\/\/contarini.net\/de\/wp-json\/wp\/v2\/product\/41208","targetHints":{"allow":["GET"]}}],"collection":[{"href":"https:\/\/contarini.net\/de\/wp-json\/wp\/v2\/product"}],"about":[{"href":"https:\/\/contarini.net\/de\/wp-json\/wp\/v2\/types\/product"}],"wp:attachment":[{"href":"https:\/\/contarini.net\/de\/wp-json\/wp\/v2\/media?parent=41208"}],"wp:term":[{"taxonomy":"product_brand","embeddable":true,"href":"https:\/\/contarini.net\/de\/wp-json\/wp\/v2\/product_brand?post=41208"},{"taxonomy":"product_cat","embeddable":true,"href":"https:\/\/contarini.net\/de\/wp-json\/wp\/v2\/product_cat?post=41208"},{"taxonomy":"product_tag","embeddable":true,"href":"https:\/\/contarini.net\/de\/wp-json\/wp\/v2\/product_tag?post=41208"}],"curies":[{"name":"wp","href":"https:\/\/api.w.org\/{rel}","templated":true}]}}