{"id":41202,"date":"2016-09-06T17:21:12","date_gmt":"2016-09-06T15:21:12","guid":{"rendered":"https:\/\/contarini.net\/de\/produkt\/2sc-de\/"},"modified":"2016-09-06T17:21:12","modified_gmt":"2016-09-06T15:21:12","slug":"2sc-de","status":"publish","type":"product","link":"https:\/\/contarini.net\/de\/produkt\/2sc-de\/","title":{"rendered":"HYDRAULIKSCHLAUCH &#8211; EN 857-2SC TYP 2SC"},"content":{"rendered":"<p>Der normgerechte Gewebeschlauch COMPACT FLEX nach DIN EN 857-2SC wird in gro\u00dfem Umfang in der Hydraulik f\u00fcr Dr\u00fccke von 88 bis 225 bar eingesetzt. Bei der Montage der Anschl\u00fcsse ist kein \u201eAbsch\u00e4len\u201c erforderlich. Da sein Querschnitt im Vergleich zu Serie 2SN geringer ist, findet er vor allem dort Anwendung, wo der Platz begrenzt ist.<\/p>\n","protected":false},"excerpt":{"rendered":"<p>Der normgerechte Gewebeschlauch COMPACT FLEX nach DIN EN 857-2SC wird in gro\u00dfem Umfang in der Hydraulik f\u00fcr Dr\u00fccke von 88 bis 225 bar eingesetzt. Bei der Montage der Anschl\u00fcsse ist kein \u201eAbsch\u00e4len\u201c erforderlich. Da sein Querschnitt im Vergleich zu Serie 2SN geringer ist, findet er vor allem dort Anwendung, wo der Platz begrenzt ist.<\/p>\n","protected":false},"featured_media":0,"template":"","product_brand":[],"product_cat":[603],"product_tag":[],"class_list":{"0":"post-41202","1":"product","2":"type-product","3":"status-publish","5":"product_cat-hydraulikschlaeuche","6":"odd","8":"first","9":"instock","10":"shipping-taxable","11":"product-type-simple"},"_links":{"self":[{"href":"https:\/\/contarini.net\/de\/wp-json\/wp\/v2\/product\/41202","targetHints":{"allow":["GET"]}}],"collection":[{"href":"https:\/\/contarini.net\/de\/wp-json\/wp\/v2\/product"}],"about":[{"href":"https:\/\/contarini.net\/de\/wp-json\/wp\/v2\/types\/product"}],"wp:attachment":[{"href":"https:\/\/contarini.net\/de\/wp-json\/wp\/v2\/media?parent=41202"}],"wp:term":[{"taxonomy":"product_brand","embeddable":true,"href":"https:\/\/contarini.net\/de\/wp-json\/wp\/v2\/product_brand?post=41202"},{"taxonomy":"product_cat","embeddable":true,"href":"https:\/\/contarini.net\/de\/wp-json\/wp\/v2\/product_cat?post=41202"},{"taxonomy":"product_tag","embeddable":true,"href":"https:\/\/contarini.net\/de\/wp-json\/wp\/v2\/product_tag?post=41202"}],"curies":[{"name":"wp","href":"https:\/\/api.w.org\/{rel}","templated":true}]}}