{"id":41190,"date":"2016-09-06T17:21:07","date_gmt":"2016-09-06T15:21:07","guid":{"rendered":"https:\/\/contarini.net\/de\/produkt\/gar-de\/"},"modified":"2016-09-06T17:21:07","modified_gmt":"2016-09-06T15:21:07","slug":"gar-de","status":"publish","type":"product","link":"https:\/\/contarini.net\/de\/produkt\/gar-de\/","title":{"rendered":"KUPFERSCHEIBE TYP GAR"},"content":{"rendered":"<p>Die Unterlegscheiben aus Kupfer der Serie GAR stellen die einfachste und kosteng\u00fcnstigste L\u00f6sung dar, wo Dichtheitsprobleme vorliegen.  H\u00f6chste Genauigkeit und hochwertige Rohmaterialien sind die wesentlichen Merkmale der Unterlegscheiben der Serie GAR. Ihre Verformbarkeit bewirkt eine gute Dichtigkeit bei nicht besonders hohen Dr\u00fccken.<\/p>\n","protected":false},"excerpt":{"rendered":"<p>Die Unterlegscheiben aus Kupfer der Serie GAR stellen die einfachste und kosteng\u00fcnstigste L\u00f6sung dar, wo Dichtheitsprobleme vorliegen. H\u00f6chste Genauigkeit und hochwertige Rohmaterialien sind die wesentlichen Merkmale der Unterlegscheiben der Serie GAR. Ihre Verformbarkeit bewirkt eine gute Dichtigkeit bei nicht besonders hohen Dr\u00fccken.<\/p>\n","protected":false},"featured_media":0,"template":"","product_brand":[],"product_cat":[600],"product_tag":[],"class_list":{"0":"post-41190","1":"product","2":"type-product","3":"status-publish","5":"product_cat-rohrschellen-und-scheiben","6":"odd","8":"first","9":"instock","10":"shipping-taxable","11":"product-type-simple"},"_links":{"self":[{"href":"https:\/\/contarini.net\/de\/wp-json\/wp\/v2\/product\/41190","targetHints":{"allow":["GET"]}}],"collection":[{"href":"https:\/\/contarini.net\/de\/wp-json\/wp\/v2\/product"}],"about":[{"href":"https:\/\/contarini.net\/de\/wp-json\/wp\/v2\/types\/product"}],"wp:attachment":[{"href":"https:\/\/contarini.net\/de\/wp-json\/wp\/v2\/media?parent=41190"}],"wp:term":[{"taxonomy":"product_brand","embeddable":true,"href":"https:\/\/contarini.net\/de\/wp-json\/wp\/v2\/product_brand?post=41190"},{"taxonomy":"product_cat","embeddable":true,"href":"https:\/\/contarini.net\/de\/wp-json\/wp\/v2\/product_cat?post=41190"},{"taxonomy":"product_tag","embeddable":true,"href":"https:\/\/contarini.net\/de\/wp-json\/wp\/v2\/product_tag?post=41190"}],"curies":[{"name":"wp","href":"https:\/\/api.w.org\/{rel}","templated":true}]}}