{"id":41187,"date":"2016-09-06T17:21:06","date_gmt":"2016-09-06T15:21:06","guid":{"rendered":"https:\/\/contarini.net\/de\/produkt\/gab-de\/"},"modified":"2016-09-06T17:21:06","modified_gmt":"2016-09-06T15:21:06","slug":"gab-de","status":"publish","type":"product","link":"https:\/\/contarini.net\/de\/produkt\/gab-de\/","title":{"rendered":"SELBSTZENTRIERENDES BONDED SEALTYP GAB"},"content":{"rendered":"<p>Die selbstzentrierende Dichtscheibe der Serie GAB ist eine Metallunterlegscheibe mit einem trapezf\u00f6rmigen Dichtelement aus Elastomer, das im Innendurchmesser vulkanisiert ist. Die spezielle Gestaltung erm\u00f6glicht eine ordnungsgem\u00e4\u00dfe Zentrierung bei der Montage.<\/p>\n","protected":false},"excerpt":{"rendered":"<p>Die selbstzentrierende Dichtscheibe der Serie GAB ist eine Metallunterlegscheibe mit einem trapezf\u00f6rmigen Dichtelement aus Elastomer, das im Innendurchmesser vulkanisiert ist. Die spezielle Gestaltung erm\u00f6glicht eine ordnungsgem\u00e4\u00dfe Zentrierung bei der Montage.<\/p>\n","protected":false},"featured_media":0,"template":"","product_brand":[],"product_cat":[600],"product_tag":[],"class_list":{"0":"post-41187","1":"product","2":"type-product","3":"status-publish","5":"product_cat-rohrschellen-und-scheiben","6":"odd","8":"first","9":"instock","10":"shipping-taxable","11":"product-type-simple"},"_links":{"self":[{"href":"https:\/\/contarini.net\/de\/wp-json\/wp\/v2\/product\/41187","targetHints":{"allow":["GET"]}}],"collection":[{"href":"https:\/\/contarini.net\/de\/wp-json\/wp\/v2\/product"}],"about":[{"href":"https:\/\/contarini.net\/de\/wp-json\/wp\/v2\/types\/product"}],"wp:attachment":[{"href":"https:\/\/contarini.net\/de\/wp-json\/wp\/v2\/media?parent=41187"}],"wp:term":[{"taxonomy":"product_brand","embeddable":true,"href":"https:\/\/contarini.net\/de\/wp-json\/wp\/v2\/product_brand?post=41187"},{"taxonomy":"product_cat","embeddable":true,"href":"https:\/\/contarini.net\/de\/wp-json\/wp\/v2\/product_cat?post=41187"},{"taxonomy":"product_tag","embeddable":true,"href":"https:\/\/contarini.net\/de\/wp-json\/wp\/v2\/product_tag?post=41187"}],"curies":[{"name":"wp","href":"https:\/\/api.w.org\/{rel}","templated":true}]}}