{"id":41175,"date":"2016-09-06T17:21:02","date_gmt":"2016-09-06T15:21:02","guid":{"rendered":"https:\/\/contarini.net\/de\/produkt\/astu-de\/"},"modified":"2016-09-06T17:21:02","modified_gmt":"2016-09-06T15:21:02","slug":"astu-de","status":"publish","type":"product","link":"https:\/\/contarini.net\/de\/produkt\/astu-de\/","title":{"rendered":"BEFESTIGUNGSB\u00dcGEL (PAAR) TYP ASTU"},"content":{"rendered":"<p>Die Montageb\u00fcgel f\u00fcr W\u00e4rmetauscher der Serie ASTU wurden f\u00fcr eine Rechts- oder Linksausrichtung entwickelt und bieten 9 verschiedene Montagepositionen, von denen eine absolut innovative und einzigartige einstellbar ist.    Dieses System erm\u00f6glicht w\u00e4hrend der \u00dcberwachungsphase eine extrem hohe Anpassungsf\u00e4higkeit an den Rahmen oder das Ger\u00e4t, f\u00fcr das der W\u00e4rmetauscher montiert wird.<\/p>\n","protected":false},"excerpt":{"rendered":"<p>Die Montageb\u00fcgel f\u00fcr W\u00e4rmetauscher der Serie ASTU wurden f\u00fcr eine Rechts- oder Linksausrichtung entwickelt und bieten 9 verschiedene Montagepositionen, von denen eine absolut innovative und einzigartige einstellbar ist. Dieses System erm\u00f6glicht w\u00e4hrend der \u00dcberwachungsphase eine extrem hohe Anpassungsf\u00e4higkeit an den Rahmen oder das Ger\u00e4t, f\u00fcr das der W\u00e4rmetauscher montiert wird.<\/p>\n","protected":false},"featured_media":0,"template":"","product_brand":[],"product_cat":[597],"product_tag":[],"class_list":{"0":"post-41175","1":"product","2":"type-product","3":"status-publish","5":"product_cat-waermetauscher-luftoel","6":"odd","8":"first","9":"instock","10":"shipping-taxable","11":"product-type-simple"},"_links":{"self":[{"href":"https:\/\/contarini.net\/de\/wp-json\/wp\/v2\/product\/41175","targetHints":{"allow":["GET"]}}],"collection":[{"href":"https:\/\/contarini.net\/de\/wp-json\/wp\/v2\/product"}],"about":[{"href":"https:\/\/contarini.net\/de\/wp-json\/wp\/v2\/types\/product"}],"wp:attachment":[{"href":"https:\/\/contarini.net\/de\/wp-json\/wp\/v2\/media?parent=41175"}],"wp:term":[{"taxonomy":"product_brand","embeddable":true,"href":"https:\/\/contarini.net\/de\/wp-json\/wp\/v2\/product_brand?post=41175"},{"taxonomy":"product_cat","embeddable":true,"href":"https:\/\/contarini.net\/de\/wp-json\/wp\/v2\/product_cat?post=41175"},{"taxonomy":"product_tag","embeddable":true,"href":"https:\/\/contarini.net\/de\/wp-json\/wp\/v2\/product_tag?post=41175"}],"curies":[{"name":"wp","href":"https:\/\/api.w.org\/{rel}","templated":true}]}}