{"id":41163,"date":"2016-09-06T17:20:57","date_gmt":"2016-09-06T15:20:57","guid":{"rendered":"https:\/\/contarini.net\/de\/produkt\/grs50-de\/"},"modified":"2016-09-06T17:20:58","modified_gmt":"2016-09-06T15:20:58","slug":"grs50-de","status":"publish","type":"product","link":"https:\/\/contarini.net\/de\/produkt\/grs50-de\/","title":{"rendered":"W\u00c4RMETAUSCHER LUFT\/\u00d6L TYP GRS50"},"content":{"rendered":"<p>Die Luft\/\u00d6l-W\u00e4rmetauscher der Serie GRS sind vollkommen aus Aluminium als Platten\/Leisten-Konstruktion gefertigt. Sie werden unter Vakuum schwei\u00dfgel\u00f6tet und wurden f\u00fcr Hydraulikanlagen entwickelt. Die Serie \u201eGR\u201c stellt die bekannteste und umfassendste Serie unseres Produktangebots dar, da sie f\u00fcr 22 verschiedene K\u00fchltypen in den Ausf\u00fchrungen mit einfachem und doppeltem Kreislauf geeignet ist. Nachstehend die technischen Datenbl\u00e4tter f\u00fcr jedes einzelne Modell.<\/p>\n","protected":false},"excerpt":{"rendered":"<p>Die Luft\/\u00d6l-W\u00e4rmetauscher der Serie GRS sind vollkommen aus Aluminium als Platten\/Leisten-Konstruktion gefertigt. Sie werden unter Vakuum schwei\u00dfgel\u00f6tet und wurden f\u00fcr Hydraulikanlagen entwickelt. Die Serie \u201eGR\u201c stellt die bekannteste und umfassendste Serie unseres Produktangebots dar, da sie f\u00fcr 22 verschiedene K\u00fchltypen in den Ausf\u00fchrungen mit einfachem und doppeltem Kreislauf geeignet ist. Nachstehend die technischen Datenbl\u00e4tter f\u00fcr jedes einzelne Modell.<\/p>\n","protected":false},"featured_media":0,"template":"","product_brand":[],"product_cat":[597],"product_tag":[],"class_list":{"0":"post-41163","1":"product","2":"type-product","3":"status-publish","5":"product_cat-waermetauscher-luftoel","6":"odd","8":"first","9":"instock","10":"shipping-taxable","11":"product-type-simple"},"_links":{"self":[{"href":"https:\/\/contarini.net\/de\/wp-json\/wp\/v2\/product\/41163","targetHints":{"allow":["GET"]}}],"collection":[{"href":"https:\/\/contarini.net\/de\/wp-json\/wp\/v2\/product"}],"about":[{"href":"https:\/\/contarini.net\/de\/wp-json\/wp\/v2\/types\/product"}],"wp:attachment":[{"href":"https:\/\/contarini.net\/de\/wp-json\/wp\/v2\/media?parent=41163"}],"wp:term":[{"taxonomy":"product_brand","embeddable":true,"href":"https:\/\/contarini.net\/de\/wp-json\/wp\/v2\/product_brand?post=41163"},{"taxonomy":"product_cat","embeddable":true,"href":"https:\/\/contarini.net\/de\/wp-json\/wp\/v2\/product_cat?post=41163"},{"taxonomy":"product_tag","embeddable":true,"href":"https:\/\/contarini.net\/de\/wp-json\/wp\/v2\/product_tag?post=41163"}],"curies":[{"name":"wp","href":"https:\/\/api.w.org\/{rel}","templated":true}]}}